{"id":2778,"date":"2024-01-17T14:48:07","date_gmt":"2024-01-17T14:48:07","guid":{"rendered":"https:\/\/motoshopextreme.ba\/?post_type=product&#038;p=2778"},"modified":"2024-01-17T14:58:13","modified_gmt":"2024-01-17T14:58:13","slug":"x-grip-gurtna-za-vuci-motocikl-prednja","status":"publish","type":"product","link":"https:\/\/motoshopextreme.ba\/?product=x-grip-gurtna-za-vuci-motocikl-prednja","title":{"rendered":"X-GRIP GURTNA ZA VUCI MOTOCIKL PREDNJA"},"content":{"rendered":"","protected":false},"excerpt":{"rendered":"<p>\ud83d\udcaa\ud83c\udfde\ufe0f Ova gurtna je za svakog enduro voza\u010da koji \u017eeli podi\u0107i svoje iskustvo na vi\u0161u razinu, pozovite svog priljatelja da vas izvu\u010de!. Lagana, sna\u017ena i spremna za akciju! \ud83c\udfcd\ufe0f\ud83d\udd1d<\/p>\n","protected":false},"featured_media":2779,"template":"","meta":[],"product_brand":[],"product_cat":[203,176,184,201,202],"product_tag":[],"class_list":{"0":"post-2778","1":"product","2":"type-product","3":"status-publish","4":"has-post-thumbnail","6":"product_cat-dodatci-sherco","7":"product_cat-dodatci","8":"product_cat-dodatci-za-motocikle","9":"product_cat-dodatci-husqvarna","10":"product_cat-dodatci-beta","12":"first","13":"instock","14":"taxable","15":"shipping-taxable","16":"purchasable","17":"product-type-simple"},"_links":{"self":[{"href":"https:\/\/motoshopextreme.ba\/index.php?rest_route=\/wp\/v2\/product\/2778","targetHints":{"allow":["GET"]}}],"collection":[{"href":"https:\/\/motoshopextreme.ba\/index.php?rest_route=\/wp\/v2\/product"}],"about":[{"href":"https:\/\/motoshopextreme.ba\/index.php?rest_route=\/wp\/v2\/types\/product"}],"wp:featuredmedia":[{"embeddable":true,"href":"https:\/\/motoshopextreme.ba\/index.php?rest_route=\/wp\/v2\/media\/2779"}],"wp:attachment":[{"href":"https:\/\/motoshopextreme.ba\/index.php?rest_route=%2Fwp%2Fv2%2Fmedia&parent=2778"}],"wp:term":[{"taxonomy":"product_brand","embeddable":true,"href":"https:\/\/motoshopextreme.ba\/index.php?rest_route=%2Fwp%2Fv2%2Fproduct_brand&post=2778"},{"taxonomy":"product_cat","embeddable":true,"href":"https:\/\/motoshopextreme.ba\/index.php?rest_route=%2Fwp%2Fv2%2Fproduct_cat&post=2778"},{"taxonomy":"product_tag","embeddable":true,"href":"https:\/\/motoshopextreme.ba\/index.php?rest_route=%2Fwp%2Fv2%2Fproduct_tag&post=2778"}],"curies":[{"name":"wp","href":"https:\/\/api.w.org\/{rel}","templated":true}]}}