{"id":2781,"date":"2024-01-17T15:02:55","date_gmt":"2024-01-17T15:02:55","guid":{"rendered":"https:\/\/motoshopextreme.ba\/?post_type=product&#038;p=2781"},"modified":"2024-01-17T15:02:55","modified_gmt":"2024-01-17T15:02:55","slug":"x-grip-gel-za-mouuse-500ml","status":"publish","type":"product","link":"https:\/\/motoshopextreme.ba\/?product=x-grip-gel-za-mouuse-500ml","title":{"rendered":"X-GRIP Gel za Mouuse 500ML"},"content":{"rendered":"","protected":false},"excerpt":{"rendered":"<p>Produ\u017eite \u017eivotni vijek va\u0161eg mousse-a i olak\u0161ajte monta\u017eu uz na\u0161 gel za mousse! \ud83d\udcaa\ud83c\udfcd\ufe0f Sadr\u017ei 500ml, dovoljno za brojne monta\u017ee. Osigurajte maksimalnu u\u010dinkovitost va\u0161ih guma uz na\u0161u posebnu formulu.<\/p>\n","protected":false},"featured_media":2782,"template":"","meta":[],"product_brand":[],"product_cat":[151,150],"product_tag":[],"class_list":{"0":"post-2781","1":"product","2":"type-product","3":"status-publish","4":"has-post-thumbnail","6":"product_cat-ulja-i-maziva","7":"product_cat-mousse-tubliss","9":"first","10":"instock","11":"taxable","12":"shipping-taxable","13":"purchasable","14":"product-type-simple"},"_links":{"self":[{"href":"https:\/\/motoshopextreme.ba\/index.php?rest_route=\/wp\/v2\/product\/2781","targetHints":{"allow":["GET"]}}],"collection":[{"href":"https:\/\/motoshopextreme.ba\/index.php?rest_route=\/wp\/v2\/product"}],"about":[{"href":"https:\/\/motoshopextreme.ba\/index.php?rest_route=\/wp\/v2\/types\/product"}],"wp:featuredmedia":[{"embeddable":true,"href":"https:\/\/motoshopextreme.ba\/index.php?rest_route=\/wp\/v2\/media\/2782"}],"wp:attachment":[{"href":"https:\/\/motoshopextreme.ba\/index.php?rest_route=%2Fwp%2Fv2%2Fmedia&parent=2781"}],"wp:term":[{"taxonomy":"product_brand","embeddable":true,"href":"https:\/\/motoshopextreme.ba\/index.php?rest_route=%2Fwp%2Fv2%2Fproduct_brand&post=2781"},{"taxonomy":"product_cat","embeddable":true,"href":"https:\/\/motoshopextreme.ba\/index.php?rest_route=%2Fwp%2Fv2%2Fproduct_cat&post=2781"},{"taxonomy":"product_tag","embeddable":true,"href":"https:\/\/motoshopextreme.ba\/index.php?rest_route=%2Fwp%2Fv2%2Fproduct_tag&post=2781"}],"curies":[{"name":"wp","href":"https:\/\/api.w.org\/{rel}","templated":true}]}}