{"id":2786,"date":"2024-01-17T15:12:03","date_gmt":"2024-01-17T15:12:03","guid":{"rendered":"https:\/\/motoshopextreme.ba\/?post_type=product&#038;p=2786"},"modified":"2024-01-17T15:21:51","modified_gmt":"2024-01-17T15:21:51","slug":"x-grip-za-dizati-motocikl-zadnja","status":"publish","type":"product","link":"https:\/\/motoshopextreme.ba\/?product=x-grip-za-dizati-motocikl-zadnja","title":{"rendered":"X-GRIP ZA DIZATI MOTOCIKL ZADNJA"},"content":{"rendered":"","protected":false},"excerpt":{"rendered":"<p>Univerzalna traka za dizanje koja odgovara gotovo svim modelima. Podesiva po veli\u010dini i izra\u0111ena od izdr\u017eljivog najlona. Prakti\u010dna za utovar, podizanje u radionici ili osloba\u0111anje va\u0161eg motocikla kada je zaglavljen ili neugodno smje\u0161ten. Nezaobilazna stvar za svakog pravog enduro voza\u010da. Uklju\u010duje vijke i podlo\u0161ke. \ud83c\udfcd\ufe0f\ud83d\udd27\ud83d\udcaa<\/p>\n","protected":false},"featured_media":2788,"template":"","meta":[],"product_brand":[],"product_cat":[203,176,184,201,202],"product_tag":[],"class_list":{"0":"post-2786","1":"product","2":"type-product","3":"status-publish","4":"has-post-thumbnail","6":"product_cat-dodatci-sherco","7":"product_cat-dodatci","8":"product_cat-dodatci-za-motocikle","9":"product_cat-dodatci-husqvarna","10":"product_cat-dodatci-beta","12":"first","13":"instock","14":"taxable","15":"shipping-taxable","16":"purchasable","17":"product-type-simple"},"_links":{"self":[{"href":"https:\/\/motoshopextreme.ba\/index.php?rest_route=\/wp\/v2\/product\/2786","targetHints":{"allow":["GET"]}}],"collection":[{"href":"https:\/\/motoshopextreme.ba\/index.php?rest_route=\/wp\/v2\/product"}],"about":[{"href":"https:\/\/motoshopextreme.ba\/index.php?rest_route=\/wp\/v2\/types\/product"}],"wp:featuredmedia":[{"embeddable":true,"href":"https:\/\/motoshopextreme.ba\/index.php?rest_route=\/wp\/v2\/media\/2788"}],"wp:attachment":[{"href":"https:\/\/motoshopextreme.ba\/index.php?rest_route=%2Fwp%2Fv2%2Fmedia&parent=2786"}],"wp:term":[{"taxonomy":"product_brand","embeddable":true,"href":"https:\/\/motoshopextreme.ba\/index.php?rest_route=%2Fwp%2Fv2%2Fproduct_brand&post=2786"},{"taxonomy":"product_cat","embeddable":true,"href":"https:\/\/motoshopextreme.ba\/index.php?rest_route=%2Fwp%2Fv2%2Fproduct_cat&post=2786"},{"taxonomy":"product_tag","embeddable":true,"href":"https:\/\/motoshopextreme.ba\/index.php?rest_route=%2Fwp%2Fv2%2Fproduct_tag&post=2786"}],"curies":[{"name":"wp","href":"https:\/\/api.w.org\/{rel}","templated":true}]}}