{"id":2795,"date":"2024-01-17T15:29:28","date_gmt":"2024-01-17T15:29:28","guid":{"rendered":"https:\/\/motoshopextreme.ba\/?post_type=product&#038;p=2795"},"modified":"2024-02-02T15:46:43","modified_gmt":"2024-02-02T15:46:43","slug":"x-grip-tbi-protektor-za-deklo-kvacila","status":"publish","type":"product","link":"https:\/\/motoshopextreme.ba\/?product=x-grip-tbi-protektor-za-deklo-kvacila","title":{"rendered":"X-GRIP TBI PROTEKTOR ZA DEKLO KVACILA"},"content":{"rendered":"","protected":false},"excerpt":{"rendered":"<p>Izra\u0111en od jednog komada, izuzetno je \u010dvrst, pru\u017eaju\u0107i maksimalnu za\u0161titu. Dostupan u razli\u010ditim bojama kako bi se uklopio u stil va\u0161eg motocikla. \ud83c\udfa8\ud83c\udfcd\ufe0f #ZastitaSpojke #AWORKX #Motociklizam<\/p>\n","protected":false},"featured_media":2796,"template":"","meta":[],"product_brand":[],"product_cat":[176,184,152],"product_tag":[],"class_list":{"0":"post-2795","1":"product","2":"type-product","3":"status-publish","4":"has-post-thumbnail","6":"product_cat-dodatci","7":"product_cat-dodatci-za-motocikle","8":"product_cat-zastite-za-motocikle","10":"first","11":"instock","12":"taxable","13":"shipping-taxable","14":"purchasable","15":"product-type-simple"},"_links":{"self":[{"href":"https:\/\/motoshopextreme.ba\/index.php?rest_route=\/wp\/v2\/product\/2795","targetHints":{"allow":["GET"]}}],"collection":[{"href":"https:\/\/motoshopextreme.ba\/index.php?rest_route=\/wp\/v2\/product"}],"about":[{"href":"https:\/\/motoshopextreme.ba\/index.php?rest_route=\/wp\/v2\/types\/product"}],"wp:featuredmedia":[{"embeddable":true,"href":"https:\/\/motoshopextreme.ba\/index.php?rest_route=\/wp\/v2\/media\/2796"}],"wp:attachment":[{"href":"https:\/\/motoshopextreme.ba\/index.php?rest_route=%2Fwp%2Fv2%2Fmedia&parent=2795"}],"wp:term":[{"taxonomy":"product_brand","embeddable":true,"href":"https:\/\/motoshopextreme.ba\/index.php?rest_route=%2Fwp%2Fv2%2Fproduct_brand&post=2795"},{"taxonomy":"product_cat","embeddable":true,"href":"https:\/\/motoshopextreme.ba\/index.php?rest_route=%2Fwp%2Fv2%2Fproduct_cat&post=2795"},{"taxonomy":"product_tag","embeddable":true,"href":"https:\/\/motoshopextreme.ba\/index.php?rest_route=%2Fwp%2Fv2%2Fproduct_tag&post=2795"}],"curies":[{"name":"wp","href":"https:\/\/api.w.org\/{rel}","templated":true}]}}