{"id":2799,"date":"2024-01-17T15:36:14","date_gmt":"2024-01-17T15:36:14","guid":{"rendered":"https:\/\/motoshopextreme.ba\/?post_type=product&#038;p=2799"},"modified":"2024-01-17T15:39:55","modified_gmt":"2024-01-17T15:39:55","slug":"x-grip-ktm-tbi-presvlaka-za-sic","status":"publish","type":"product","link":"https:\/\/motoshopextreme.ba\/?product=x-grip-ktm-tbi-presvlaka-za-sic","title":{"rendered":"X-GRIP KTM TBI PRESVLAKA ZA SIC"},"content":{"rendered":"","protected":false},"excerpt":{"rendered":"<p>Presvlaka sica osigurava maksimalnu potporu uz neometanu slobodu kretanja! Sa otprilike 8000 gumenih dijamanata, osigurava pravi grip za va\u0161u stra\u017enjicu. Valovita struktura u zadnjem dijelu pru\u017ea dodatan prijanjanje kada sjedite blizu stra\u017enjeg blatobrana. Jednostavna instalacija zahvaljuju\u0107i u\u0161ivenom elasti\u010dnom pojasu. \ud83c\udfcd\ufe0f\ud83d\udd12<\/p>\n","protected":false},"featured_media":2802,"template":"","meta":[],"product_brand":[],"product_cat":[176],"product_tag":[],"class_list":{"0":"post-2799","1":"product","2":"type-product","3":"status-publish","4":"has-post-thumbnail","6":"product_cat-dodatci","8":"first","9":"instock","10":"taxable","11":"shipping-taxable","12":"purchasable","13":"product-type-simple"},"_links":{"self":[{"href":"https:\/\/motoshopextreme.ba\/index.php?rest_route=\/wp\/v2\/product\/2799","targetHints":{"allow":["GET"]}}],"collection":[{"href":"https:\/\/motoshopextreme.ba\/index.php?rest_route=\/wp\/v2\/product"}],"about":[{"href":"https:\/\/motoshopextreme.ba\/index.php?rest_route=\/wp\/v2\/types\/product"}],"wp:featuredmedia":[{"embeddable":true,"href":"https:\/\/motoshopextreme.ba\/index.php?rest_route=\/wp\/v2\/media\/2802"}],"wp:attachment":[{"href":"https:\/\/motoshopextreme.ba\/index.php?rest_route=%2Fwp%2Fv2%2Fmedia&parent=2799"}],"wp:term":[{"taxonomy":"product_brand","embeddable":true,"href":"https:\/\/motoshopextreme.ba\/index.php?rest_route=%2Fwp%2Fv2%2Fproduct_brand&post=2799"},{"taxonomy":"product_cat","embeddable":true,"href":"https:\/\/motoshopextreme.ba\/index.php?rest_route=%2Fwp%2Fv2%2Fproduct_cat&post=2799"},{"taxonomy":"product_tag","embeddable":true,"href":"https:\/\/motoshopextreme.ba\/index.php?rest_route=%2Fwp%2Fv2%2Fproduct_tag&post=2799"}],"curies":[{"name":"wp","href":"https:\/\/api.w.org\/{rel}","templated":true}]}}