{"id":2805,"date":"2024-01-17T15:52:43","date_gmt":"2024-01-17T15:52:43","guid":{"rendered":"https:\/\/motoshopextreme.ba\/?post_type=product&#038;p=2805"},"modified":"2024-02-02T15:46:30","modified_gmt":"2024-02-02T15:46:30","slug":"stitnik-za-auspuh-4t","status":"publish","type":"product","link":"https:\/\/motoshopextreme.ba\/?product=stitnik-za-auspuh-4t","title":{"rendered":"STITNIK ZA AUSPUH 4T"},"content":{"rendered":"","protected":false},"excerpt":{"rendered":"<p>Don&#8217;t get burned! Na\u0161a genijalno jednostavna, ali izuzetno u\u010dinkovita za\u0161tita od toplote , Tako\u0111er poma\u017ee u sprje\u010davanju ogrebotina i udubljenja na samom auspuhu..<\/p>\n","protected":false},"featured_media":2806,"template":"","meta":[],"product_brand":[],"product_cat":[184,152],"product_tag":[],"class_list":{"0":"post-2805","1":"product","2":"type-product","3":"status-publish","4":"has-post-thumbnail","6":"product_cat-dodatci-za-motocikle","7":"product_cat-zastite-za-motocikle","9":"first","10":"instock","11":"taxable","12":"shipping-taxable","13":"purchasable","14":"product-type-simple"},"_links":{"self":[{"href":"https:\/\/motoshopextreme.ba\/index.php?rest_route=\/wp\/v2\/product\/2805","targetHints":{"allow":["GET"]}}],"collection":[{"href":"https:\/\/motoshopextreme.ba\/index.php?rest_route=\/wp\/v2\/product"}],"about":[{"href":"https:\/\/motoshopextreme.ba\/index.php?rest_route=\/wp\/v2\/types\/product"}],"wp:featuredmedia":[{"embeddable":true,"href":"https:\/\/motoshopextreme.ba\/index.php?rest_route=\/wp\/v2\/media\/2806"}],"wp:attachment":[{"href":"https:\/\/motoshopextreme.ba\/index.php?rest_route=%2Fwp%2Fv2%2Fmedia&parent=2805"}],"wp:term":[{"taxonomy":"product_brand","embeddable":true,"href":"https:\/\/motoshopextreme.ba\/index.php?rest_route=%2Fwp%2Fv2%2Fproduct_brand&post=2805"},{"taxonomy":"product_cat","embeddable":true,"href":"https:\/\/motoshopextreme.ba\/index.php?rest_route=%2Fwp%2Fv2%2Fproduct_cat&post=2805"},{"taxonomy":"product_tag","embeddable":true,"href":"https:\/\/motoshopextreme.ba\/index.php?rest_route=%2Fwp%2Fv2%2Fproduct_tag&post=2805"}],"curies":[{"name":"wp","href":"https:\/\/api.w.org\/{rel}","templated":true}]}}