{"id":2825,"date":"2024-01-18T13:04:49","date_gmt":"2024-01-18T13:04:49","guid":{"rendered":"https:\/\/motoshopextreme.ba\/?post_type=product&#038;p=2825"},"modified":"2024-01-18T13:25:43","modified_gmt":"2024-01-18T13:25:43","slug":"cetkice-za-beta-ktm-husqvarna","status":"publish","type":"product","link":"https:\/\/motoshopextreme.ba\/?product=cetkice-za-beta-ktm-husqvarna","title":{"rendered":"\u010cETKICE ZA BETA \/ KTM \/ HUSQVARNA"},"content":{"rendered":"","protected":false},"excerpt":{"rendered":"<p>U na\u0161em \u0161irokom asortimanu nudimo vrhunsku opremu i dijelove za va\u0161 motocikl. Bez obzira tra\u017eite li pouzdane dijelove za odr\u017eavanje, funkcionalnu opremu ili stilsku dodatnu opremu, mi imamo sve \u0161to vam je potrebno<\/p>\n","protected":false},"featured_media":2826,"template":"","meta":[],"product_brand":[],"product_cat":[195,178,196,192,197,193,198,194],"product_tag":[],"class_list":{"0":"post-2825","1":"product","2":"type-product","3":"status-publish","4":"has-post-thumbnail","6":"product_cat-sasija-yamaha","7":"product_cat-sasija","8":"product_cat-sasija-kawasaki","9":"product_cat-sasija-husqvarna","10":"product_cat-sasija-sherco","11":"product_cat-sasija-beta","12":"product_cat-sasija-suzuki","13":"product_cat-sasija-honda","15":"first","16":"instock","17":"taxable","18":"shipping-taxable","19":"purchasable","20":"product-type-simple"},"_links":{"self":[{"href":"https:\/\/motoshopextreme.ba\/index.php?rest_route=\/wp\/v2\/product\/2825","targetHints":{"allow":["GET"]}}],"collection":[{"href":"https:\/\/motoshopextreme.ba\/index.php?rest_route=\/wp\/v2\/product"}],"about":[{"href":"https:\/\/motoshopextreme.ba\/index.php?rest_route=\/wp\/v2\/types\/product"}],"wp:featuredmedia":[{"embeddable":true,"href":"https:\/\/motoshopextreme.ba\/index.php?rest_route=\/wp\/v2\/media\/2826"}],"wp:attachment":[{"href":"https:\/\/motoshopextreme.ba\/index.php?rest_route=%2Fwp%2Fv2%2Fmedia&parent=2825"}],"wp:term":[{"taxonomy":"product_brand","embeddable":true,"href":"https:\/\/motoshopextreme.ba\/index.php?rest_route=%2Fwp%2Fv2%2Fproduct_brand&post=2825"},{"taxonomy":"product_cat","embeddable":true,"href":"https:\/\/motoshopextreme.ba\/index.php?rest_route=%2Fwp%2Fv2%2Fproduct_cat&post=2825"},{"taxonomy":"product_tag","embeddable":true,"href":"https:\/\/motoshopextreme.ba\/index.php?rest_route=%2Fwp%2Fv2%2Fproduct_tag&post=2825"}],"curies":[{"name":"wp","href":"https:\/\/api.w.org\/{rel}","templated":true}]}}