{"id":2827,"date":"2024-01-18T13:28:59","date_gmt":"2024-01-18T13:28:59","guid":{"rendered":"https:\/\/motoshopextreme.ba\/?post_type=product&#038;p=2827"},"modified":"2024-02-02T15:45:38","modified_gmt":"2024-02-02T15:45:38","slug":"stitnik-za-auspuh-4t-2","status":"publish","type":"product","link":"https:\/\/motoshopextreme.ba\/?product=stitnik-za-auspuh-4t-2","title":{"rendered":"STITNIK ZA AUSPUH 4T"},"content":{"rendered":"","protected":false},"excerpt":{"rendered":"<p>U na\u0161em \u0161irokom asortimanu nudimo vrhunsku opremu i dijelove za va\u0161 motocikl. Bez obzira tra\u017eite li pouzdane dijelove za odr\u017eavanje, funkcionalnu opremu ili stilsku dodatnu opremu, mi imamo sve \u0161to vam je potrebno<\/p>\n","protected":false},"featured_media":2828,"template":"","meta":[],"product_brand":[],"product_cat":[198,194,195,178,196,192,197,193,152],"product_tag":[],"class_list":{"0":"post-2827","1":"product","2":"type-product","3":"status-publish","4":"has-post-thumbnail","6":"product_cat-sasija-suzuki","7":"product_cat-sasija-honda","8":"product_cat-sasija-yamaha","9":"product_cat-sasija","10":"product_cat-sasija-kawasaki","11":"product_cat-sasija-husqvarna","12":"product_cat-sasija-sherco","13":"product_cat-sasija-beta","14":"product_cat-zastite-za-motocikle","16":"first","17":"instock","18":"taxable","19":"shipping-taxable","20":"purchasable","21":"product-type-simple"},"_links":{"self":[{"href":"https:\/\/motoshopextreme.ba\/index.php?rest_route=\/wp\/v2\/product\/2827","targetHints":{"allow":["GET"]}}],"collection":[{"href":"https:\/\/motoshopextreme.ba\/index.php?rest_route=\/wp\/v2\/product"}],"about":[{"href":"https:\/\/motoshopextreme.ba\/index.php?rest_route=\/wp\/v2\/types\/product"}],"wp:featuredmedia":[{"embeddable":true,"href":"https:\/\/motoshopextreme.ba\/index.php?rest_route=\/wp\/v2\/media\/2828"}],"wp:attachment":[{"href":"https:\/\/motoshopextreme.ba\/index.php?rest_route=%2Fwp%2Fv2%2Fmedia&parent=2827"}],"wp:term":[{"taxonomy":"product_brand","embeddable":true,"href":"https:\/\/motoshopextreme.ba\/index.php?rest_route=%2Fwp%2Fv2%2Fproduct_brand&post=2827"},{"taxonomy":"product_cat","embeddable":true,"href":"https:\/\/motoshopextreme.ba\/index.php?rest_route=%2Fwp%2Fv2%2Fproduct_cat&post=2827"},{"taxonomy":"product_tag","embeddable":true,"href":"https:\/\/motoshopextreme.ba\/index.php?rest_route=%2Fwp%2Fv2%2Fproduct_tag&post=2827"}],"curies":[{"name":"wp","href":"https:\/\/api.w.org\/{rel}","templated":true}]}}