{"id":2829,"date":"2024-01-18T13:45:04","date_gmt":"2024-01-18T13:45:04","guid":{"rendered":"https:\/\/motoshopextreme.ba\/?post_type=product&#038;p=2829"},"modified":"2024-01-18T13:52:12","modified_gmt":"2024-01-18T13:52:12","slug":"x-grip-mousse-sse-2","status":"publish","type":"product","link":"https:\/\/motoshopextreme.ba\/?product=x-grip-mousse-sse-2","title":{"rendered":"X-GRIP MOUSSE SSE-2 140\/80-18 ENDURO SUPER SOFT"},"content":{"rendered":"<p>U\u0111ite u svijet vrhunskog off-road iskustva uz X-Grip Mousse SSE-2, va\u0161eg najboljeg partnera na terenu! Sa dizajnom prilago\u0111enim zahtjevima off-road vo\u017enje, ovaj mousse donosi nevjerojatnu stabilnost, izdr\u017eljivost i performanse koje trebate za avanturisti\u010dko istra\u017eivanje nepristupa\u010dnih terena.<\/p>\n<p><strong>Klju\u010dne karakteristike:<\/strong><\/p>\n<ol>\n<li><em>Izuzetna Stabilnost<\/em>: X-Grip Mousse SSE-2 pru\u017ea neprikosnovenu stabilnost, osiguravaju\u0107i kontrolu \u010dak i u najizazovnijim uvjetima terena.<\/li>\n<li><em>Robusna Izdr\u017eljivost<\/em>: Izra\u0111en od visokokvalitetnih materijala, ovaj mousse je dizajniran da izdr\u017ei udarce, \u0161ljunak i sve izazove koje mo\u017ee pru\u017eiti off-road vo\u017enja.<\/li>\n<li><em>Optimalna Pru\u017enost<\/em>: X-Grip Mousse SSE-2 pru\u017ea optimalnu pru\u017enost, \u0161to zna\u010di da se prilago\u0111ava razli\u010ditim uvjetima vo\u017enje, \u010dine\u0107i va\u0161u vo\u017enju ugodnom i kontroliranom.<\/li>\n<li><em>Jednostavna Monta\u017ea<\/em>: Uz brzu i jednostavnu instalaciju, ovaj mousse \u010dini va\u0161u off-road avanturu jo\u0161 dostupnijom.<\/li>\n<\/ol>\n<p><strong>Cijena: 279KM<\/strong><\/p>\n","protected":false},"excerpt":{"rendered":"<p>X-Grip Mousse SSE-2: Oja\u010dajte Va\u0161 Off-Road Do\u017eivljaj.<\/p>\n","protected":false},"featured_media":2834,"template":"","meta":[],"product_brand":[],"product_cat":[150],"product_tag":[],"class_list":{"0":"post-2829","1":"product","2":"type-product","3":"status-publish","4":"has-post-thumbnail","6":"product_cat-mousse-tubliss","8":"first","9":"instock","10":"taxable","11":"shipping-taxable","12":"purchasable","13":"product-type-simple"},"_links":{"self":[{"href":"https:\/\/motoshopextreme.ba\/index.php?rest_route=\/wp\/v2\/product\/2829","targetHints":{"allow":["GET"]}}],"collection":[{"href":"https:\/\/motoshopextreme.ba\/index.php?rest_route=\/wp\/v2\/product"}],"about":[{"href":"https:\/\/motoshopextreme.ba\/index.php?rest_route=\/wp\/v2\/types\/product"}],"wp:featuredmedia":[{"embeddable":true,"href":"https:\/\/motoshopextreme.ba\/index.php?rest_route=\/wp\/v2\/media\/2834"}],"wp:attachment":[{"href":"https:\/\/motoshopextreme.ba\/index.php?rest_route=%2Fwp%2Fv2%2Fmedia&parent=2829"}],"wp:term":[{"taxonomy":"product_brand","embeddable":true,"href":"https:\/\/motoshopextreme.ba\/index.php?rest_route=%2Fwp%2Fv2%2Fproduct_brand&post=2829"},{"taxonomy":"product_cat","embeddable":true,"href":"https:\/\/motoshopextreme.ba\/index.php?rest_route=%2Fwp%2Fv2%2Fproduct_cat&post=2829"},{"taxonomy":"product_tag","embeddable":true,"href":"https:\/\/motoshopextreme.ba\/index.php?rest_route=%2Fwp%2Fv2%2Fproduct_tag&post=2829"}],"curies":[{"name":"wp","href":"https:\/\/api.w.org\/{rel}","templated":true}]}}