{"id":2830,"date":"2024-01-18T13:32:26","date_gmt":"2024-01-18T13:32:26","guid":{"rendered":"https:\/\/motoshopextreme.ba\/?post_type=product&#038;p=2830"},"modified":"2024-01-18T13:39:19","modified_gmt":"2024-01-18T13:39:19","slug":"set-za-popravak-kvacila-brembo","status":"publish","type":"product","link":"https:\/\/motoshopextreme.ba\/?product=set-za-popravak-kvacila-brembo","title":{"rendered":"SET ZA POPRAVAK KVACILA &#8211; BREMBO"},"content":{"rendered":"","protected":false},"excerpt":{"rendered":"<p>U na\u0161em \u0161irokom asortimanu nudimo vrhunsku opremu i dijelove za va\u0161 motocikl. Bez obzira tra\u017eite li pouzdane dijelove za odr\u017eavanje, funkcionalnu opremu ili stilsku dodatnu opremu, mi imamo sve \u0161to vam je potrebno<\/p>\n","protected":false},"featured_media":2831,"template":"","meta":[],"product_brand":[],"product_cat":[176,201,202,203],"product_tag":[],"class_list":{"0":"post-2830","1":"product","2":"type-product","3":"status-publish","4":"has-post-thumbnail","6":"product_cat-dodatci","7":"product_cat-dodatci-husqvarna","8":"product_cat-dodatci-beta","9":"product_cat-dodatci-sherco","11":"first","12":"instock","13":"taxable","14":"shipping-taxable","15":"purchasable","16":"product-type-simple"},"_links":{"self":[{"href":"https:\/\/motoshopextreme.ba\/index.php?rest_route=\/wp\/v2\/product\/2830","targetHints":{"allow":["GET"]}}],"collection":[{"href":"https:\/\/motoshopextreme.ba\/index.php?rest_route=\/wp\/v2\/product"}],"about":[{"href":"https:\/\/motoshopextreme.ba\/index.php?rest_route=\/wp\/v2\/types\/product"}],"wp:featuredmedia":[{"embeddable":true,"href":"https:\/\/motoshopextreme.ba\/index.php?rest_route=\/wp\/v2\/media\/2831"}],"wp:attachment":[{"href":"https:\/\/motoshopextreme.ba\/index.php?rest_route=%2Fwp%2Fv2%2Fmedia&parent=2830"}],"wp:term":[{"taxonomy":"product_brand","embeddable":true,"href":"https:\/\/motoshopextreme.ba\/index.php?rest_route=%2Fwp%2Fv2%2Fproduct_brand&post=2830"},{"taxonomy":"product_cat","embeddable":true,"href":"https:\/\/motoshopextreme.ba\/index.php?rest_route=%2Fwp%2Fv2%2Fproduct_cat&post=2830"},{"taxonomy":"product_tag","embeddable":true,"href":"https:\/\/motoshopextreme.ba\/index.php?rest_route=%2Fwp%2Fv2%2Fproduct_tag&post=2830"}],"curies":[{"name":"wp","href":"https:\/\/api.w.org\/{rel}","templated":true}]}}