{"id":2836,"date":"2024-01-18T13:44:55","date_gmt":"2024-01-18T13:44:55","guid":{"rendered":"https:\/\/motoshopextreme.ba\/?post_type=product&#038;p=2836"},"modified":"2024-02-02T15:45:10","modified_gmt":"2024-02-02T15:45:10","slug":"zastita-zadnjeg-diska-ktm-husqvarna","status":"publish","type":"product","link":"https:\/\/motoshopextreme.ba\/?product=zastita-zadnjeg-diska-ktm-husqvarna","title":{"rendered":"Zastita Zadnjeg Diska &#8211; KTM \/ HUSQVARNA"},"content":{"rendered":"","protected":false},"excerpt":{"rendered":"<p>U na\u0161em \u0161irokom asortimanu nudimo vrhunsku opremu i dijelove za va\u0161 motocikl. Bez obzira tra\u017eite li pouzdane dijelove za odr\u017eavanje, funkcionalnu opremu ili stilsku dodatnu opremu, mi imamo sve \u0161to vam je potrebno<\/p>\n","protected":false},"featured_media":2837,"template":"","meta":[],"product_brand":[],"product_cat":[176,201,152],"product_tag":[],"class_list":{"0":"post-2836","1":"product","2":"type-product","3":"status-publish","4":"has-post-thumbnail","6":"product_cat-dodatci","7":"product_cat-dodatci-husqvarna","8":"product_cat-zastite-za-motocikle","10":"first","11":"instock","12":"taxable","13":"shipping-taxable","14":"purchasable","15":"product-type-simple"},"_links":{"self":[{"href":"https:\/\/motoshopextreme.ba\/index.php?rest_route=\/wp\/v2\/product\/2836","targetHints":{"allow":["GET"]}}],"collection":[{"href":"https:\/\/motoshopextreme.ba\/index.php?rest_route=\/wp\/v2\/product"}],"about":[{"href":"https:\/\/motoshopextreme.ba\/index.php?rest_route=\/wp\/v2\/types\/product"}],"wp:featuredmedia":[{"embeddable":true,"href":"https:\/\/motoshopextreme.ba\/index.php?rest_route=\/wp\/v2\/media\/2837"}],"wp:attachment":[{"href":"https:\/\/motoshopextreme.ba\/index.php?rest_route=%2Fwp%2Fv2%2Fmedia&parent=2836"}],"wp:term":[{"taxonomy":"product_brand","embeddable":true,"href":"https:\/\/motoshopextreme.ba\/index.php?rest_route=%2Fwp%2Fv2%2Fproduct_brand&post=2836"},{"taxonomy":"product_cat","embeddable":true,"href":"https:\/\/motoshopextreme.ba\/index.php?rest_route=%2Fwp%2Fv2%2Fproduct_cat&post=2836"},{"taxonomy":"product_tag","embeddable":true,"href":"https:\/\/motoshopextreme.ba\/index.php?rest_route=%2Fwp%2Fv2%2Fproduct_tag&post=2836"}],"curies":[{"name":"wp","href":"https:\/\/api.w.org\/{rel}","templated":true}]}}