{"id":2842,"date":"2024-01-18T13:59:03","date_gmt":"2024-01-18T13:59:03","guid":{"rendered":"https:\/\/motoshopextreme.ba\/?post_type=product&#038;p=2842"},"modified":"2024-01-18T13:59:03","modified_gmt":"2024-01-18T13:59:03","slug":"x-grip-mousse-ev-1-90-90-21-soft","status":"publish","type":"product","link":"https:\/\/motoshopextreme.ba\/?product=x-grip-mousse-ev-1-90-90-21-soft","title":{"rendered":"X-GRIP MOUSSE EV-1 90\/90-21 SOFT"},"content":{"rendered":"<p>Osvje\u017eite svoje off-road iskustvo uz X-Grip Mousse EV-1, ultimativni dodatak va\u0161im gumama koji \u0107e unaprijediti performanse va\u0161eg motocikla! Sa posebnim naglaskom na izdr\u017eljivost i kontrolu, X-Grip Mousse EV-1 donosi vrhunske karakteristike po nevjerojatnoj cijeni.<\/p>\n<p>Klju\u010dne karakteristike:<\/p>\n<ol>\n<li><em>Izdr\u017eljiva Konstrukcija<\/em>: X-Grip Mousse EV-1 izra\u0111en je od visokokvalitetnih materijala kako bi izdr\u017eao ekstremne uvjete off-road vo\u017enje, \u010dime osigurava dugotrajan i pouzdan performans.<\/li>\n<li><em>Precizna Kontrola<\/em>: Pru\u017ea nevjerojatnu kontrolu u svim uvjetima, \u010dine\u0107i svaku vo\u017enju uzbudljivom i sigurnom.<\/li>\n<li><em>Optimalna Pru\u017enost<\/em>: Savr\u0161eno se prilago\u0111ava promjenljivim terenima, pru\u017eaju\u0107i optimalnu pru\u017enost za ugodnu vo\u017enju.<\/li>\n<li><em>Jednostavna Instalacija<\/em>: X-Grip Mousse EV-1 lako se montira, omogu\u0107avaju\u0107i vam brz i jednostavan upgrade za va\u0161e gume.<\/li>\n<\/ol>\n<p>Cijena: 239KM<\/p>\n","protected":false},"excerpt":{"rendered":"<p>X-Grip Mousse EV-1: Prednji Mousse za Off-Road Vrhunsku Vo\u017enju<\/p>\n","protected":false},"featured_media":2843,"template":"","meta":[],"product_brand":[],"product_cat":[150],"product_tag":[],"class_list":{"0":"post-2842","1":"product","2":"type-product","3":"status-publish","4":"has-post-thumbnail","6":"product_cat-mousse-tubliss","8":"first","9":"instock","10":"taxable","11":"shipping-taxable","12":"purchasable","13":"product-type-simple"},"_links":{"self":[{"href":"https:\/\/motoshopextreme.ba\/index.php?rest_route=\/wp\/v2\/product\/2842","targetHints":{"allow":["GET"]}}],"collection":[{"href":"https:\/\/motoshopextreme.ba\/index.php?rest_route=\/wp\/v2\/product"}],"about":[{"href":"https:\/\/motoshopextreme.ba\/index.php?rest_route=\/wp\/v2\/types\/product"}],"wp:featuredmedia":[{"embeddable":true,"href":"https:\/\/motoshopextreme.ba\/index.php?rest_route=\/wp\/v2\/media\/2843"}],"wp:attachment":[{"href":"https:\/\/motoshopextreme.ba\/index.php?rest_route=%2Fwp%2Fv2%2Fmedia&parent=2842"}],"wp:term":[{"taxonomy":"product_brand","embeddable":true,"href":"https:\/\/motoshopextreme.ba\/index.php?rest_route=%2Fwp%2Fv2%2Fproduct_brand&post=2842"},{"taxonomy":"product_cat","embeddable":true,"href":"https:\/\/motoshopextreme.ba\/index.php?rest_route=%2Fwp%2Fv2%2Fproduct_cat&post=2842"},{"taxonomy":"product_tag","embeddable":true,"href":"https:\/\/motoshopextreme.ba\/index.php?rest_route=%2Fwp%2Fv2%2Fproduct_tag&post=2842"}],"curies":[{"name":"wp","href":"https:\/\/api.w.org\/{rel}","templated":true}]}}