{"id":2849,"date":"2024-01-18T14:12:13","date_gmt":"2024-01-18T14:12:13","guid":{"rendered":"https:\/\/motoshopextreme.ba\/?post_type=product&#038;p=2849"},"modified":"2024-01-18T14:26:46","modified_gmt":"2024-01-18T14:26:46","slug":"set-ventilator-sa-relejom-ktm-husqvarna-tpi-2017","status":"publish","type":"product","link":"https:\/\/motoshopextreme.ba\/?product=set-ventilator-sa-relejom-ktm-husqvarna-tpi-2017","title":{"rendered":"SET VENTILATOR SA RELEJOM &#8211; KTM HUSQVARNA TPI 2017 +"},"content":{"rendered":"","protected":false},"excerpt":{"rendered":"<p>U na\u0161em \u0161irokom asortimanu nudimo vrhunsku opremu i dijelove za va\u0161 motocikl. Bez obzira tra\u017eite li pouzdane dijelove za odr\u017eavanje, funkcionalnu opremu ili stilsku dodatnu opremu, mi imamo sve \u0161to vam je potrebno<\/p>\n","protected":false},"featured_media":2851,"template":"","meta":[],"product_brand":[],"product_cat":[176,201],"product_tag":[],"class_list":{"0":"post-2849","1":"product","2":"type-product","3":"status-publish","4":"has-post-thumbnail","6":"product_cat-dodatci","7":"product_cat-dodatci-husqvarna","9":"first","10":"instock","11":"taxable","12":"shipping-taxable","13":"purchasable","14":"product-type-simple"},"_links":{"self":[{"href":"https:\/\/motoshopextreme.ba\/index.php?rest_route=\/wp\/v2\/product\/2849","targetHints":{"allow":["GET"]}}],"collection":[{"href":"https:\/\/motoshopextreme.ba\/index.php?rest_route=\/wp\/v2\/product"}],"about":[{"href":"https:\/\/motoshopextreme.ba\/index.php?rest_route=\/wp\/v2\/types\/product"}],"wp:featuredmedia":[{"embeddable":true,"href":"https:\/\/motoshopextreme.ba\/index.php?rest_route=\/wp\/v2\/media\/2851"}],"wp:attachment":[{"href":"https:\/\/motoshopextreme.ba\/index.php?rest_route=%2Fwp%2Fv2%2Fmedia&parent=2849"}],"wp:term":[{"taxonomy":"product_brand","embeddable":true,"href":"https:\/\/motoshopextreme.ba\/index.php?rest_route=%2Fwp%2Fv2%2Fproduct_brand&post=2849"},{"taxonomy":"product_cat","embeddable":true,"href":"https:\/\/motoshopextreme.ba\/index.php?rest_route=%2Fwp%2Fv2%2Fproduct_cat&post=2849"},{"taxonomy":"product_tag","embeddable":true,"href":"https:\/\/motoshopextreme.ba\/index.php?rest_route=%2Fwp%2Fv2%2Fproduct_tag&post=2849"}],"curies":[{"name":"wp","href":"https:\/\/api.w.org\/{rel}","templated":true}]}}