{"id":2852,"date":"2024-01-18T14:26:55","date_gmt":"2024-01-18T14:26:55","guid":{"rendered":"https:\/\/motoshopextreme.ba\/?post_type=product&#038;p=2852"},"modified":"2024-01-18T14:31:07","modified_gmt":"2024-01-18T14:31:07","slug":"stitnik-auspuha-karbonski-ktm-husqvarna-tbi-2024","status":"publish","type":"product","link":"https:\/\/motoshopextreme.ba\/?product=stitnik-auspuha-karbonski-ktm-husqvarna-tbi-2024","title":{"rendered":"STITNIK AUSPUHA KARBONSKI &#8211; KTM \/ HUSQVARNA TBI 2024"},"content":{"rendered":"","protected":false},"excerpt":{"rendered":"<p>Za\u0161titi ko\u010dioni disk od o\u0161te\u0107enja pomo\u0107u na\u0161eg aluminijumskog \u0161tita za zadnji ko\u010dioni disk.<\/p>\n","protected":false},"featured_media":2853,"template":"","meta":[],"product_brand":[],"product_cat":[176,184,201],"product_tag":[],"class_list":{"0":"post-2852","1":"product","2":"type-product","3":"status-publish","4":"has-post-thumbnail","6":"product_cat-dodatci","7":"product_cat-dodatci-za-motocikle","8":"product_cat-dodatci-husqvarna","10":"first","11":"instock","12":"taxable","13":"shipping-taxable","14":"purchasable","15":"product-type-simple"},"_links":{"self":[{"href":"https:\/\/motoshopextreme.ba\/index.php?rest_route=\/wp\/v2\/product\/2852","targetHints":{"allow":["GET"]}}],"collection":[{"href":"https:\/\/motoshopextreme.ba\/index.php?rest_route=\/wp\/v2\/product"}],"about":[{"href":"https:\/\/motoshopextreme.ba\/index.php?rest_route=\/wp\/v2\/types\/product"}],"wp:featuredmedia":[{"embeddable":true,"href":"https:\/\/motoshopextreme.ba\/index.php?rest_route=\/wp\/v2\/media\/2853"}],"wp:attachment":[{"href":"https:\/\/motoshopextreme.ba\/index.php?rest_route=%2Fwp%2Fv2%2Fmedia&parent=2852"}],"wp:term":[{"taxonomy":"product_brand","embeddable":true,"href":"https:\/\/motoshopextreme.ba\/index.php?rest_route=%2Fwp%2Fv2%2Fproduct_brand&post=2852"},{"taxonomy":"product_cat","embeddable":true,"href":"https:\/\/motoshopextreme.ba\/index.php?rest_route=%2Fwp%2Fv2%2Fproduct_cat&post=2852"},{"taxonomy":"product_tag","embeddable":true,"href":"https:\/\/motoshopextreme.ba\/index.php?rest_route=%2Fwp%2Fv2%2Fproduct_tag&post=2852"}],"curies":[{"name":"wp","href":"https:\/\/api.w.org\/{rel}","templated":true}]}}