{"id":2873,"date":"2024-02-02T11:36:32","date_gmt":"2024-02-02T11:36:32","guid":{"rendered":"https:\/\/motoshopextreme.ba\/?post_type=product&#038;p=2873"},"modified":"2024-02-02T11:59:08","modified_gmt":"2024-02-02T11:59:08","slug":"kayaba-semreing-vilica-skf-dual-48k","status":"publish","type":"product","link":"https:\/\/motoshopextreme.ba\/?product=kayaba-semreing-vilica-skf-dual-48k","title":{"rendered":"KAYABA SEMREING VILICA SKF DUAL-48K"},"content":{"rendered":"<p>Predstavljamo vam visokokvalitetni SKF semering vilice, model DUAL-48K, namijenjen za upotrebu s Kayaba vilicama. Ovaj semering proizveden je od strane renomiranog proizvo\u0111a\u010da SKF, \u010dije dugogodi\u0161nje iskustvo jam\u010di izuzetnu pouzdanost i izdr\u017eljivost proizvoda. Namijenjen je ljubiteljima motocikala koji zahtijevaju vrhunsku izvedbu svoje vilice.<\/p>\n","protected":false},"excerpt":{"rendered":"<p>Predstavljamo vam visokokvalitetni SKF semering vilice, model DUAL-48K, namijenjen za upotrebu s Kayaba vilicama. Ovaj semering proizveden je od strane renomiranog proizvo\u0111a\u010da SKF, \u010dije dugogodi\u0161nje iskustvo jam\u010di izuzetnu pouzdanost i izdr\u017eljivost proizvoda. Namijenjen je ljubiteljima motocikala koji zahtijevaju vrhunsku izvedbu svoje vilice.<\/p>\n","protected":false},"featured_media":2874,"template":"","meta":[],"product_brand":[],"product_cat":[126,197],"product_tag":[],"class_list":{"0":"post-2873","1":"product","2":"type-product","3":"status-publish","4":"has-post-thumbnail","6":"product_cat-motocikle","7":"product_cat-sasija-sherco","9":"first","10":"instock","11":"taxable","12":"shipping-taxable","13":"purchasable","14":"product-type-simple"},"_links":{"self":[{"href":"https:\/\/motoshopextreme.ba\/index.php?rest_route=\/wp\/v2\/product\/2873","targetHints":{"allow":["GET"]}}],"collection":[{"href":"https:\/\/motoshopextreme.ba\/index.php?rest_route=\/wp\/v2\/product"}],"about":[{"href":"https:\/\/motoshopextreme.ba\/index.php?rest_route=\/wp\/v2\/types\/product"}],"wp:featuredmedia":[{"embeddable":true,"href":"https:\/\/motoshopextreme.ba\/index.php?rest_route=\/wp\/v2\/media\/2874"}],"wp:attachment":[{"href":"https:\/\/motoshopextreme.ba\/index.php?rest_route=%2Fwp%2Fv2%2Fmedia&parent=2873"}],"wp:term":[{"taxonomy":"product_brand","embeddable":true,"href":"https:\/\/motoshopextreme.ba\/index.php?rest_route=%2Fwp%2Fv2%2Fproduct_brand&post=2873"},{"taxonomy":"product_cat","embeddable":true,"href":"https:\/\/motoshopextreme.ba\/index.php?rest_route=%2Fwp%2Fv2%2Fproduct_cat&post=2873"},{"taxonomy":"product_tag","embeddable":true,"href":"https:\/\/motoshopextreme.ba\/index.php?rest_route=%2Fwp%2Fv2%2Fproduct_tag&post=2873"}],"curies":[{"name":"wp","href":"https:\/\/api.w.org\/{rel}","templated":true}]}}