{"id":2876,"date":"2024-02-02T11:44:12","date_gmt":"2024-02-02T11:44:12","guid":{"rendered":"https:\/\/motoshopextreme.ba\/?post_type=product&#038;p=2876"},"modified":"2024-02-02T11:56:51","modified_gmt":"2024-02-02T11:56:51","slug":"showa-semreing-vilica-skf-dual-48s","status":"publish","type":"product","link":"https:\/\/motoshopextreme.ba\/?product=showa-semreing-vilica-skf-dual-48s","title":{"rendered":"SHOWA SEMREING VILICA SKF DUAL-48S"},"content":{"rendered":"<p>Predstavljamo SKF semering vilice, model DUAL-48S, specijalno dizajniran za Showa vilice. Ovaj visokokvalitetni semering kombinira vrhunsku za\u0161titu s preciznom izradom, pru\u017eaju\u0107i izuzetne performanse u vo\u017enji. Proizveden od strane poznatog proizvo\u0111a\u010da SKF, ovaj semering jam\u010di pouzdanost i dugovje\u010dnost.<\/p>\n","protected":false},"excerpt":{"rendered":"<p>Proizveden od strane renomiranog proizvo\u0111a\u010da SKF, ovaj semering garantira pouzdanost i dugovje\u010dnost.<\/p>\n","protected":false},"featured_media":2874,"template":"","meta":[],"product_brand":[],"product_cat":[126,194],"product_tag":[],"class_list":{"0":"post-2876","1":"product","2":"type-product","3":"status-publish","4":"has-post-thumbnail","6":"product_cat-motocikle","7":"product_cat-sasija-honda","9":"first","10":"instock","11":"taxable","12":"shipping-taxable","13":"purchasable","14":"product-type-simple"},"_links":{"self":[{"href":"https:\/\/motoshopextreme.ba\/index.php?rest_route=\/wp\/v2\/product\/2876","targetHints":{"allow":["GET"]}}],"collection":[{"href":"https:\/\/motoshopextreme.ba\/index.php?rest_route=\/wp\/v2\/product"}],"about":[{"href":"https:\/\/motoshopextreme.ba\/index.php?rest_route=\/wp\/v2\/types\/product"}],"wp:featuredmedia":[{"embeddable":true,"href":"https:\/\/motoshopextreme.ba\/index.php?rest_route=\/wp\/v2\/media\/2874"}],"wp:attachment":[{"href":"https:\/\/motoshopextreme.ba\/index.php?rest_route=%2Fwp%2Fv2%2Fmedia&parent=2876"}],"wp:term":[{"taxonomy":"product_brand","embeddable":true,"href":"https:\/\/motoshopextreme.ba\/index.php?rest_route=%2Fwp%2Fv2%2Fproduct_brand&post=2876"},{"taxonomy":"product_cat","embeddable":true,"href":"https:\/\/motoshopextreme.ba\/index.php?rest_route=%2Fwp%2Fv2%2Fproduct_cat&post=2876"},{"taxonomy":"product_tag","embeddable":true,"href":"https:\/\/motoshopextreme.ba\/index.php?rest_route=%2Fwp%2Fv2%2Fproduct_tag&post=2876"}],"curies":[{"name":"wp","href":"https:\/\/api.w.org\/{rel}","templated":true}]}}