{"id":2877,"date":"2024-02-02T11:54:26","date_gmt":"2024-02-02T11:54:26","guid":{"rendered":"https:\/\/motoshopextreme.ba\/?post_type=product&#038;p=2877"},"modified":"2024-02-02T11:56:22","modified_gmt":"2024-02-02T11:56:22","slug":"zf-sachs-semering-vilica-skf-dual-48z","status":"publish","type":"product","link":"https:\/\/motoshopextreme.ba\/?product=zf-sachs-semering-vilica-skf-dual-48z","title":{"rendered":"ZF SACHS SEMERING VILICA SKF DUAL-48Z"},"content":{"rendered":"<p>Predstavljamo vrhunski SKF semering vilice, model DUAL-48Z, posebno dizajniran za upotrebu s ZF Sachs vilicama. Ovaj semering kombinira visokokvalitetne materijale s preciznom izradom, pru\u017eaju\u0107i vrhunsku za\u0161titu i performanse. SKF, kao renomirani proizvo\u0111a\u010d, osigurava pouzdanost i dugovje\u010dnost ovog proizvoda.<\/p>\n","protected":false},"excerpt":{"rendered":"<p>Predstavljamo vrhunski SKF semering vilice, model DUAL-48Z, posebno dizajniran za upotrebu s ZF Sachs vilicama. Ovaj semering kombinira visokokvalitetne materijale s preciznom izradom, pru\u017eaju\u0107i vrhunsku za\u0161titu i performanse. SKF, kao renomirani proizvo\u0111a\u010d, osigurava pouzdanost i dugovje\u010dnost ovog proizvoda.<\/p>\n","protected":false},"featured_media":2878,"template":"","meta":[],"product_brand":[],"product_cat":[126,193],"product_tag":[],"class_list":{"0":"post-2877","1":"product","2":"type-product","3":"status-publish","4":"has-post-thumbnail","6":"product_cat-motocikle","7":"product_cat-sasija-beta","9":"first","10":"instock","11":"taxable","12":"shipping-taxable","13":"purchasable","14":"product-type-simple"},"_links":{"self":[{"href":"https:\/\/motoshopextreme.ba\/index.php?rest_route=\/wp\/v2\/product\/2877","targetHints":{"allow":["GET"]}}],"collection":[{"href":"https:\/\/motoshopextreme.ba\/index.php?rest_route=\/wp\/v2\/product"}],"about":[{"href":"https:\/\/motoshopextreme.ba\/index.php?rest_route=\/wp\/v2\/types\/product"}],"wp:featuredmedia":[{"embeddable":true,"href":"https:\/\/motoshopextreme.ba\/index.php?rest_route=\/wp\/v2\/media\/2878"}],"wp:attachment":[{"href":"https:\/\/motoshopextreme.ba\/index.php?rest_route=%2Fwp%2Fv2%2Fmedia&parent=2877"}],"wp:term":[{"taxonomy":"product_brand","embeddable":true,"href":"https:\/\/motoshopextreme.ba\/index.php?rest_route=%2Fwp%2Fv2%2Fproduct_brand&post=2877"},{"taxonomy":"product_cat","embeddable":true,"href":"https:\/\/motoshopextreme.ba\/index.php?rest_route=%2Fwp%2Fv2%2Fproduct_cat&post=2877"},{"taxonomy":"product_tag","embeddable":true,"href":"https:\/\/motoshopextreme.ba\/index.php?rest_route=%2Fwp%2Fv2%2Fproduct_tag&post=2877"}],"curies":[{"name":"wp","href":"https:\/\/api.w.org\/{rel}","templated":true}]}}