{"id":2881,"date":"2024-02-02T12:37:22","date_gmt":"2024-02-02T12:37:22","guid":{"rendered":"https:\/\/motoshopextreme.ba\/?post_type=product&#038;p=2881"},"modified":"2024-02-02T12:42:10","modified_gmt":"2024-02-02T12:42:10","slug":"polisport-ktm-tpi-exc-stitnik-lijevog-dekla","status":"publish","type":"product","link":"https:\/\/motoshopextreme.ba\/?product=polisport-ktm-tpi-exc-stitnik-lijevog-dekla","title":{"rendered":"POLISPORT KTM TPI EXC \u0160TITNIK LIJEVOG DEKLA"},"content":{"rendered":"<p>Polisport KTM TPI EXC \u0161titnik lijevog dekla predstavlja visokokvalitetno rje\u0161enje za\u0161tite va\u0161eg motocikla. Ovaj \u0161titnik je posebno oblikovan kako bi pru\u017eio optimalnu za\u0161titu lijevog dekla, \u010duvaju\u0107i ga od udaraca, ogrebotina i drugih o\u0161te\u0107enja tijekom vo\u017enje u zahtjevnim uvjetima.<\/p>\n<p>Izra\u0111en od izdr\u017eljivih materijala visoke \u010dvrsto\u0107e, Polisport \u0161titnik osigurava dugovje\u010dnu za\u0161titu i o\u010duvanje estetike va\u0161eg motocikla. Monta\u017ea je brza i jednostavna, prate\u0107i prilo\u017eene upute, \u010dime se omogu\u0107uje vlasnicima motocikala jednostavna instalacija.<\/p>\n<p>\u0160titnik lijevog dekla dizajniran je specifi\u010dno za KTM TPI EXC modele, pru\u017eaju\u0107i savr\u0161eno pristajanje i estetski sklad s vozilom. Osigurajte trajnu za\u0161titu svog motocikla uz Polisport KTM TPI EXC \u0161titnik lijevog dekla &#8211; neizostavan dodatak za ljubitelje off-road vo\u017enje.<\/p>\n","protected":false},"excerpt":{"rendered":"<p>&nbsp;<\/p>\n<p>Otkrijte Polisport KTM TPI EXC \u0161titnik lijevog dekla &#8211; vrhunsku za\u0161titu za va\u0161 motocikl<\/p>\n","protected":false},"featured_media":2882,"template":"","meta":[],"product_brand":[],"product_cat":[176,152],"product_tag":[],"class_list":{"0":"post-2881","1":"product","2":"type-product","3":"status-publish","4":"has-post-thumbnail","6":"product_cat-dodatci","7":"product_cat-zastite-za-motocikle","9":"first","10":"instock","11":"taxable","12":"shipping-taxable","13":"purchasable","14":"product-type-simple"},"_links":{"self":[{"href":"https:\/\/motoshopextreme.ba\/index.php?rest_route=\/wp\/v2\/product\/2881","targetHints":{"allow":["GET"]}}],"collection":[{"href":"https:\/\/motoshopextreme.ba\/index.php?rest_route=\/wp\/v2\/product"}],"about":[{"href":"https:\/\/motoshopextreme.ba\/index.php?rest_route=\/wp\/v2\/types\/product"}],"wp:featuredmedia":[{"embeddable":true,"href":"https:\/\/motoshopextreme.ba\/index.php?rest_route=\/wp\/v2\/media\/2882"}],"wp:attachment":[{"href":"https:\/\/motoshopextreme.ba\/index.php?rest_route=%2Fwp%2Fv2%2Fmedia&parent=2881"}],"wp:term":[{"taxonomy":"product_brand","embeddable":true,"href":"https:\/\/motoshopextreme.ba\/index.php?rest_route=%2Fwp%2Fv2%2Fproduct_brand&post=2881"},{"taxonomy":"product_cat","embeddable":true,"href":"https:\/\/motoshopextreme.ba\/index.php?rest_route=%2Fwp%2Fv2%2Fproduct_cat&post=2881"},{"taxonomy":"product_tag","embeddable":true,"href":"https:\/\/motoshopextreme.ba\/index.php?rest_route=%2Fwp%2Fv2%2Fproduct_tag&post=2881"}],"curies":[{"name":"wp","href":"https:\/\/api.w.org\/{rel}","templated":true}]}}