{"id":2883,"date":"2024-02-02T13:24:43","date_gmt":"2024-02-02T13:24:43","guid":{"rendered":"https:\/\/motoshopextreme.ba\/?post_type=product&#038;p=2883"},"modified":"2024-02-02T13:28:13","modified_gmt":"2024-02-02T13:28:13","slug":"polisport-ktm-tpi-exc-stitnik-desnog-dekla","status":"publish","type":"product","link":"https:\/\/motoshopextreme.ba\/?product=polisport-ktm-tpi-exc-stitnik-desnog-dekla","title":{"rendered":"POLISPORT KTM TPI EXC \u0160TITNIK DESNOG DEKLA"},"content":{"rendered":"<p>Polisport KTM TPI EXC \u0161titnik desnog dekla pru\u017ea vrhunsku za\u0161titu za va\u0161 motocikl, posebno dizajniran za KTM TPI EXC modele. Ovaj \u0161titnik osigurava pouzdanu za\u0161titu desnog dekla od udaraca, ogrebotina i drugih o\u0161te\u0107enja tijekom off-road vo\u017enje.<\/p>\n","protected":false},"excerpt":{"rendered":"<p>Polisport KTM TPI EXC \u0161titnik desnog dekla pru\u017ea vrhunsku za\u0161titu za va\u0161 motocikl, posebno dizajniran za KTM TPI EXC modele. Ovaj \u0161titnik osigurava pouzdanu za\u0161titu desnog dekla od udaraca, ogrebotina i drugih o\u0161te\u0107enja tijekom off-road vo\u017enje.<\/p>\n","protected":false},"featured_media":2884,"template":"","meta":[],"product_brand":[],"product_cat":[176,152],"product_tag":[],"class_list":{"0":"post-2883","1":"product","2":"type-product","3":"status-publish","4":"has-post-thumbnail","6":"product_cat-dodatci","7":"product_cat-zastite-za-motocikle","9":"first","10":"instock","11":"taxable","12":"shipping-taxable","13":"purchasable","14":"product-type-simple"},"_links":{"self":[{"href":"https:\/\/motoshopextreme.ba\/index.php?rest_route=\/wp\/v2\/product\/2883","targetHints":{"allow":["GET"]}}],"collection":[{"href":"https:\/\/motoshopextreme.ba\/index.php?rest_route=\/wp\/v2\/product"}],"about":[{"href":"https:\/\/motoshopextreme.ba\/index.php?rest_route=\/wp\/v2\/types\/product"}],"wp:featuredmedia":[{"embeddable":true,"href":"https:\/\/motoshopextreme.ba\/index.php?rest_route=\/wp\/v2\/media\/2884"}],"wp:attachment":[{"href":"https:\/\/motoshopextreme.ba\/index.php?rest_route=%2Fwp%2Fv2%2Fmedia&parent=2883"}],"wp:term":[{"taxonomy":"product_brand","embeddable":true,"href":"https:\/\/motoshopextreme.ba\/index.php?rest_route=%2Fwp%2Fv2%2Fproduct_brand&post=2883"},{"taxonomy":"product_cat","embeddable":true,"href":"https:\/\/motoshopextreme.ba\/index.php?rest_route=%2Fwp%2Fv2%2Fproduct_cat&post=2883"},{"taxonomy":"product_tag","embeddable":true,"href":"https:\/\/motoshopextreme.ba\/index.php?rest_route=%2Fwp%2Fv2%2Fproduct_tag&post=2883"}],"curies":[{"name":"wp","href":"https:\/\/api.w.org\/{rel}","templated":true}]}}