{"id":2888,"date":"2024-02-02T13:55:14","date_gmt":"2024-02-02T13:55:14","guid":{"rendered":"https:\/\/motoshopextreme.ba\/?post_type=product&#038;p=2888"},"modified":"2024-02-02T13:55:14","modified_gmt":"2024-02-02T13:55:14","slug":"polisport-skid-plate-ktm-husqvarna","status":"publish","type":"product","link":"https:\/\/motoshopextreme.ba\/?product=polisport-skid-plate-ktm-husqvarna","title":{"rendered":"POLISPORT SKID PLATE KTM HUSQVARNA"},"content":{"rendered":"<p>Polisport Skid Plate za KTM EXC\/XC i Husqvarna TE\/TC predstavlja vrhunsku za\u0161titu za podvozje va\u0161eg motocikla, dizajniranu kako bi izdr\u017eala izazove terenske vo\u017enje. Ovaj skid plate \u0161titi klju\u010dne dijelove podvozja, poput motora i ispu\u0161nog sustava, od udaraca, kamenja i drugih o\u0161te\u0107enja.<\/p>\n","protected":false},"excerpt":{"rendered":"<p>Polisport Skid Plate za KTM EXC\/XC i Husqvarna TE\/TC predstavlja vrhunsku za\u0161titu za podvozje va\u0161eg motocikla, dizajniranu kako bi izdr\u017eala izazove terenske vo\u017enje. Ovaj skid plate \u0161titi klju\u010dne dijelove podvozja, poput motora i ispu\u0161nog sustava, od udaraca, kamenja i drugih o\u0161te\u0107enja.<\/p>\n","protected":false},"featured_media":2889,"template":"","meta":[],"product_brand":[],"product_cat":[176,201,152],"product_tag":[],"class_list":{"0":"post-2888","1":"product","2":"type-product","3":"status-publish","4":"has-post-thumbnail","6":"product_cat-dodatci","7":"product_cat-dodatci-husqvarna","8":"product_cat-zastite-za-motocikle","10":"first","11":"instock","12":"taxable","13":"shipping-taxable","14":"purchasable","15":"product-type-simple"},"_links":{"self":[{"href":"https:\/\/motoshopextreme.ba\/index.php?rest_route=\/wp\/v2\/product\/2888","targetHints":{"allow":["GET"]}}],"collection":[{"href":"https:\/\/motoshopextreme.ba\/index.php?rest_route=\/wp\/v2\/product"}],"about":[{"href":"https:\/\/motoshopextreme.ba\/index.php?rest_route=\/wp\/v2\/types\/product"}],"wp:featuredmedia":[{"embeddable":true,"href":"https:\/\/motoshopextreme.ba\/index.php?rest_route=\/wp\/v2\/media\/2889"}],"wp:attachment":[{"href":"https:\/\/motoshopextreme.ba\/index.php?rest_route=%2Fwp%2Fv2%2Fmedia&parent=2888"}],"wp:term":[{"taxonomy":"product_brand","embeddable":true,"href":"https:\/\/motoshopextreme.ba\/index.php?rest_route=%2Fwp%2Fv2%2Fproduct_brand&post=2888"},{"taxonomy":"product_cat","embeddable":true,"href":"https:\/\/motoshopextreme.ba\/index.php?rest_route=%2Fwp%2Fv2%2Fproduct_cat&post=2888"},{"taxonomy":"product_tag","embeddable":true,"href":"https:\/\/motoshopextreme.ba\/index.php?rest_route=%2Fwp%2Fv2%2Fproduct_tag&post=2888"}],"curies":[{"name":"wp","href":"https:\/\/api.w.org\/{rel}","templated":true}]}}