{"id":2895,"date":"2024-02-02T15:00:36","date_gmt":"2024-02-02T15:00:36","guid":{"rendered":"https:\/\/motoshopextreme.ba\/?post_type=product&#038;p=2895"},"modified":"2024-02-02T15:00:36","modified_gmt":"2024-02-02T15:00:36","slug":"klizac-lanca-polisport-8453500001","status":"publish","type":"product","link":"https:\/\/motoshopextreme.ba\/?product=klizac-lanca-polisport-8453500001","title":{"rendered":"KLIZA\u010c LANCA POLISPORT  8453500001"},"content":{"rendered":"<p>Polisport kliza\u010d lanca za Husqvarna i KTM motocikle predstavlja izuzetno u\u010dinkovitu za\u0161titu va\u0161eg lanca od o\u0161te\u0107enja tijekom off-road vo\u017enje. Ovaj kliza\u010d lanca kombinira visokokvalitetne materijale s preciznim dizajnom, pru\u017eaju\u0107i optimalnu za\u0161titu i produ\u017euju\u0107i vijek trajanja lanca.<\/p>\n","protected":false},"excerpt":{"rendered":"<p>Polisport kliza\u010d lanca za Husqvarna i KTM motocikle predstavlja izuzetno u\u010dinkovitu za\u0161titu va\u0161eg lanca od o\u0161te\u0107enja tijekom off-road vo\u017enje. Ovaj kliza\u010d lanca kombinira visokokvalitetne materijale s preciznim dizajnom, pru\u017eaju\u0107i optimalnu za\u0161titu i produ\u017euju\u0107i vijek trajanja lanca.<\/p>\n","protected":false},"featured_media":2896,"template":"","meta":[],"product_brand":[],"product_cat":[176,184,201],"product_tag":[],"class_list":{"0":"post-2895","1":"product","2":"type-product","3":"status-publish","4":"has-post-thumbnail","6":"product_cat-dodatci","7":"product_cat-dodatci-za-motocikle","8":"product_cat-dodatci-husqvarna","10":"first","11":"instock","12":"taxable","13":"shipping-taxable","14":"purchasable","15":"product-type-simple"},"_links":{"self":[{"href":"https:\/\/motoshopextreme.ba\/index.php?rest_route=\/wp\/v2\/product\/2895","targetHints":{"allow":["GET"]}}],"collection":[{"href":"https:\/\/motoshopextreme.ba\/index.php?rest_route=\/wp\/v2\/product"}],"about":[{"href":"https:\/\/motoshopextreme.ba\/index.php?rest_route=\/wp\/v2\/types\/product"}],"wp:featuredmedia":[{"embeddable":true,"href":"https:\/\/motoshopextreme.ba\/index.php?rest_route=\/wp\/v2\/media\/2896"}],"wp:attachment":[{"href":"https:\/\/motoshopextreme.ba\/index.php?rest_route=%2Fwp%2Fv2%2Fmedia&parent=2895"}],"wp:term":[{"taxonomy":"product_brand","embeddable":true,"href":"https:\/\/motoshopextreme.ba\/index.php?rest_route=%2Fwp%2Fv2%2Fproduct_brand&post=2895"},{"taxonomy":"product_cat","embeddable":true,"href":"https:\/\/motoshopextreme.ba\/index.php?rest_route=%2Fwp%2Fv2%2Fproduct_cat&post=2895"},{"taxonomy":"product_tag","embeddable":true,"href":"https:\/\/motoshopextreme.ba\/index.php?rest_route=%2Fwp%2Fv2%2Fproduct_tag&post=2895"}],"curies":[{"name":"wp","href":"https:\/\/api.w.org\/{rel}","templated":true}]}}