{"id":2898,"date":"2024-02-02T15:39:33","date_gmt":"2024-02-02T15:39:33","guid":{"rendered":"https:\/\/motoshopextreme.ba\/?post_type=product&#038;p=2898"},"modified":"2024-02-02T15:39:33","modified_gmt":"2024-02-02T15:39:33","slug":"stitnik-viljuske-polisport-8456500001","status":"publish","type":"product","link":"https:\/\/motoshopextreme.ba\/?product=stitnik-viljuske-polisport-8456500001","title":{"rendered":"\u0160TITNIK VILJU\u0160KE POLISPORT 8456500001"},"content":{"rendered":"<p>Polisport \u0161titnik vilju\u0161ke za KTM i Husqvarna motocikle predstavlja vrhunsku za\u0161titu va\u0161e vilju\u0161ke od udaraca, kamenja i drugih o\u0161te\u0107enja tijekom vo\u017enje. Ovaj \u0161titnik kombinira visokokvalitetne materijale s preciznim in\u017eenjeringom, pru\u017eaju\u0107i izuzetnu izdr\u017eljivost i estetski doprinos va\u0161em motociklu.<\/p>\n","protected":false},"excerpt":{"rendered":"<p>Polisport \u0161titnik vilju\u0161ke za KTM i Husqvarna motocikle predstavlja vrhunsku za\u0161titu va\u0161e vilju\u0161ke od udaraca, kamenja i drugih o\u0161te\u0107enja tijekom vo\u017enje. Ovaj \u0161titnik kombinira visokokvalitetne materijale s preciznim in\u017eenjeringom, pru\u017eaju\u0107i izuzetnu izdr\u017eljivost i estetski doprinos va\u0161em motociklu.<\/p>\n","protected":false},"featured_media":2899,"template":"","meta":[],"product_brand":[],"product_cat":[176,201,152],"product_tag":[],"class_list":{"0":"post-2898","1":"product","2":"type-product","3":"status-publish","4":"has-post-thumbnail","6":"product_cat-dodatci","7":"product_cat-dodatci-husqvarna","8":"product_cat-zastite-za-motocikle","10":"first","11":"instock","12":"taxable","13":"shipping-taxable","14":"purchasable","15":"product-type-simple"},"_links":{"self":[{"href":"https:\/\/motoshopextreme.ba\/index.php?rest_route=\/wp\/v2\/product\/2898","targetHints":{"allow":["GET"]}}],"collection":[{"href":"https:\/\/motoshopextreme.ba\/index.php?rest_route=\/wp\/v2\/product"}],"about":[{"href":"https:\/\/motoshopextreme.ba\/index.php?rest_route=\/wp\/v2\/types\/product"}],"wp:featuredmedia":[{"embeddable":true,"href":"https:\/\/motoshopextreme.ba\/index.php?rest_route=\/wp\/v2\/media\/2899"}],"wp:attachment":[{"href":"https:\/\/motoshopextreme.ba\/index.php?rest_route=%2Fwp%2Fv2%2Fmedia&parent=2898"}],"wp:term":[{"taxonomy":"product_brand","embeddable":true,"href":"https:\/\/motoshopextreme.ba\/index.php?rest_route=%2Fwp%2Fv2%2Fproduct_brand&post=2898"},{"taxonomy":"product_cat","embeddable":true,"href":"https:\/\/motoshopextreme.ba\/index.php?rest_route=%2Fwp%2Fv2%2Fproduct_cat&post=2898"},{"taxonomy":"product_tag","embeddable":true,"href":"https:\/\/motoshopextreme.ba\/index.php?rest_route=%2Fwp%2Fv2%2Fproduct_tag&post=2898"}],"curies":[{"name":"wp","href":"https:\/\/api.w.org\/{rel}","templated":true}]}}