{"id":2902,"date":"2024-02-03T09:46:15","date_gmt":"2024-02-03T09:46:15","guid":{"rendered":"https:\/\/motoshopextreme.ba\/?post_type=product&#038;p=2902"},"modified":"2024-02-03T09:46:15","modified_gmt":"2024-02-03T09:46:15","slug":"twin-air-gp-dust-cover-ktm-husqvarna-gasgas","status":"publish","type":"product","link":"https:\/\/motoshopextreme.ba\/?product=twin-air-gp-dust-cover-ktm-husqvarna-gasgas","title":{"rendered":"Twin Air GP Dust Cover KTM\/HUSQVARNA\/GASGAS"},"content":{"rendered":"<p>Twin Air GP Dust Cover dodaje dodatnu za\u0161titu va\u0161em zra\u010dnom filtru ako vozite u te\u0161kim uvjetima poput pjeskovitih ili pra\u0161njavih podru\u010dja.<\/p>\n<p>Namazana pra\u0161na navlaka za maksimalnu korist Dodaje dodatni za\u0161titni sloj i produ\u017euje vrijeme izme\u0111u odr\u017eavanja zra\u010dnog filtra Sinteti\u010dki materijal Isporu\u010duje se bez zra\u010dnog filtra<\/p>\n","protected":false},"excerpt":{"rendered":"<p>Twin Air GP Dust Cover dodaje dodatnu za\u0161titu va\u0161em zra\u010dnom filtru ako vozite u te\u0161kim uvjetima poput pjeskovitih ili pra\u0161njavih podru\u010dja.<\/p>\n<p>Namazana pra\u0161na navlaka za maksimalnu korist Dodaje dodatni za\u0161titni sloj i produ\u017euje vrijeme izme\u0111u odr\u017eavanja zra\u010dnog filtra Sinteti\u010dki materijal Isporu\u010duje se bez zra\u010dnog filtra<\/p>\n","protected":false},"featured_media":2903,"template":"","meta":[],"product_brand":[],"product_cat":[176,184,201],"product_tag":[],"class_list":{"0":"post-2902","1":"product","2":"type-product","3":"status-publish","4":"has-post-thumbnail","6":"product_cat-dodatci","7":"product_cat-dodatci-za-motocikle","8":"product_cat-dodatci-husqvarna","10":"first","11":"instock","12":"taxable","13":"shipping-taxable","14":"purchasable","15":"product-type-simple"},"_links":{"self":[{"href":"https:\/\/motoshopextreme.ba\/index.php?rest_route=\/wp\/v2\/product\/2902","targetHints":{"allow":["GET"]}}],"collection":[{"href":"https:\/\/motoshopextreme.ba\/index.php?rest_route=\/wp\/v2\/product"}],"about":[{"href":"https:\/\/motoshopextreme.ba\/index.php?rest_route=\/wp\/v2\/types\/product"}],"wp:featuredmedia":[{"embeddable":true,"href":"https:\/\/motoshopextreme.ba\/index.php?rest_route=\/wp\/v2\/media\/2903"}],"wp:attachment":[{"href":"https:\/\/motoshopextreme.ba\/index.php?rest_route=%2Fwp%2Fv2%2Fmedia&parent=2902"}],"wp:term":[{"taxonomy":"product_brand","embeddable":true,"href":"https:\/\/motoshopextreme.ba\/index.php?rest_route=%2Fwp%2Fv2%2Fproduct_brand&post=2902"},{"taxonomy":"product_cat","embeddable":true,"href":"https:\/\/motoshopextreme.ba\/index.php?rest_route=%2Fwp%2Fv2%2Fproduct_cat&post=2902"},{"taxonomy":"product_tag","embeddable":true,"href":"https:\/\/motoshopextreme.ba\/index.php?rest_route=%2Fwp%2Fv2%2Fproduct_tag&post=2902"}],"curies":[{"name":"wp","href":"https:\/\/api.w.org\/{rel}","templated":true}]}}