{"id":2904,"date":"2024-02-03T10:36:57","date_gmt":"2024-02-03T10:36:57","guid":{"rendered":"https:\/\/motoshopextreme.ba\/?post_type=product&#038;p=2904"},"modified":"2024-02-03T10:44:10","modified_gmt":"2024-02-03T10:44:10","slug":"vertex-klip-ktm-husqvarna-gas-gas300-tpi","status":"publish","type":"product","link":"https:\/\/motoshopextreme.ba\/?product=vertex-klip-ktm-husqvarna-gas-gas300-tpi","title":{"rendered":"VERTEX KLIP KTM HUSQVARNA GAS GAS300 TPI"},"content":{"rendered":"<p>Otkrijte snagu i pouzdanost s Vertex klipom za KTM, Husqvarna i Gas Gas 300 TPI motocikle. Precizno izra\u0111en i optimiziran za vrhunske performanse, Vertex klip je klju\u010dna komponenta za ljubitelje off-road vo\u017enje. Montirajte vrhunsku izvedbu na svoj motor s Vertex klipom<\/p>\n","protected":false},"excerpt":{"rendered":"<p>Otkrijte snagu i pouzdanost s Vertex klipom za KTM, Husqvarna i Gas Gas 300 TPI motocikle. Precizno izra\u0111en i optimiziran za vrhunske performanse, Vertex klip je klju\u010dna komponenta za ljubitelje off-road vo\u017enje. Montirajte vrhunsku izvedbu na svoj motor s Vertex klipom<\/p>\n","protected":false},"featured_media":2905,"template":"","meta":[],"product_brand":[],"product_cat":[177,186],"product_tag":[],"class_list":{"0":"post-2904","1":"product","2":"type-product","3":"status-publish","4":"has-post-thumbnail","6":"product_cat-masina","7":"product_cat-masina-husqvarna","9":"first","10":"instock","11":"taxable","12":"shipping-taxable","13":"purchasable","14":"product-type-simple"},"_links":{"self":[{"href":"https:\/\/motoshopextreme.ba\/index.php?rest_route=\/wp\/v2\/product\/2904","targetHints":{"allow":["GET"]}}],"collection":[{"href":"https:\/\/motoshopextreme.ba\/index.php?rest_route=\/wp\/v2\/product"}],"about":[{"href":"https:\/\/motoshopextreme.ba\/index.php?rest_route=\/wp\/v2\/types\/product"}],"wp:featuredmedia":[{"embeddable":true,"href":"https:\/\/motoshopextreme.ba\/index.php?rest_route=\/wp\/v2\/media\/2905"}],"wp:attachment":[{"href":"https:\/\/motoshopextreme.ba\/index.php?rest_route=%2Fwp%2Fv2%2Fmedia&parent=2904"}],"wp:term":[{"taxonomy":"product_brand","embeddable":true,"href":"https:\/\/motoshopextreme.ba\/index.php?rest_route=%2Fwp%2Fv2%2Fproduct_brand&post=2904"},{"taxonomy":"product_cat","embeddable":true,"href":"https:\/\/motoshopextreme.ba\/index.php?rest_route=%2Fwp%2Fv2%2Fproduct_cat&post=2904"},{"taxonomy":"product_tag","embeddable":true,"href":"https:\/\/motoshopextreme.ba\/index.php?rest_route=%2Fwp%2Fv2%2Fproduct_tag&post=2904"}],"curies":[{"name":"wp","href":"https:\/\/api.w.org\/{rel}","templated":true}]}}