{"id":2909,"date":"2024-02-03T11:52:49","date_gmt":"2024-02-03T11:52:49","guid":{"rendered":"https:\/\/motoshopextreme.ba\/?post_type=product&#038;p=2909"},"modified":"2024-02-03T11:52:49","modified_gmt":"2024-02-03T11:52:49","slug":"polisport-plastike-ktm-exc-2020","status":"publish","type":"product","link":"https:\/\/motoshopextreme.ba\/?product=polisport-plastike-ktm-exc-2020","title":{"rendered":"POLISPORT PLASTIKE KTM EXC 2020+"},"content":{"rendered":"<p>Osvje\u017eite izgled svog KTM EXC motocikla s Polisport plastikama za modele od 2020. godine nadalje. Izdr\u017eljive i estetski privla\u010dne, ove plastike pru\u017eaju potpunu preobrazbu va\u0161eg motocikla. Sveobuhvatni set uklju\u010duje sve potrebne dijelove za jednostavnu zamjenu. Pove\u0107ajte izdr\u017eljivost i unaprijedite stil va\u0161eg KTM EXC-a s Polisport plastikama.<\/p>\n","protected":false},"excerpt":{"rendered":"<p>Osvje\u017eite izgled svog KTM EXC motocikla s Polisport plastikama za modele od 2020. godine nadalje. Izdr\u017eljive i estetski privla\u010dne, ove plastike pru\u017eaju potpunu preobrazbu va\u0161eg motocikla. Sveobuhvatni set uklju\u010duje sve potrebne dijelove za jednostavnu zamjenu. Pove\u0107ajte izdr\u017eljivost i unaprijedite stil va\u0161eg KTM EXC-a s Polisport plastikama.<\/p>\n","protected":false},"featured_media":2910,"template":"","meta":[],"product_brand":[],"product_cat":[176,184],"product_tag":[],"class_list":{"0":"post-2909","1":"product","2":"type-product","3":"status-publish","4":"has-post-thumbnail","6":"product_cat-dodatci","7":"product_cat-dodatci-za-motocikle","9":"first","10":"instock","11":"taxable","12":"shipping-taxable","13":"purchasable","14":"product-type-simple"},"_links":{"self":[{"href":"https:\/\/motoshopextreme.ba\/index.php?rest_route=\/wp\/v2\/product\/2909","targetHints":{"allow":["GET"]}}],"collection":[{"href":"https:\/\/motoshopextreme.ba\/index.php?rest_route=\/wp\/v2\/product"}],"about":[{"href":"https:\/\/motoshopextreme.ba\/index.php?rest_route=\/wp\/v2\/types\/product"}],"wp:featuredmedia":[{"embeddable":true,"href":"https:\/\/motoshopextreme.ba\/index.php?rest_route=\/wp\/v2\/media\/2910"}],"wp:attachment":[{"href":"https:\/\/motoshopextreme.ba\/index.php?rest_route=%2Fwp%2Fv2%2Fmedia&parent=2909"}],"wp:term":[{"taxonomy":"product_brand","embeddable":true,"href":"https:\/\/motoshopextreme.ba\/index.php?rest_route=%2Fwp%2Fv2%2Fproduct_brand&post=2909"},{"taxonomy":"product_cat","embeddable":true,"href":"https:\/\/motoshopextreme.ba\/index.php?rest_route=%2Fwp%2Fv2%2Fproduct_cat&post=2909"},{"taxonomy":"product_tag","embeddable":true,"href":"https:\/\/motoshopextreme.ba\/index.php?rest_route=%2Fwp%2Fv2%2Fproduct_tag&post=2909"}],"curies":[{"name":"wp","href":"https:\/\/api.w.org\/{rel}","templated":true}]}}