{"id":3006,"date":"2024-02-07T14:23:04","date_gmt":"2024-02-07T14:23:04","guid":{"rendered":"https:\/\/motoshopextreme.ba\/?post_type=product&#038;p=3006"},"modified":"2024-02-07T14:24:52","modified_gmt":"2024-02-07T14:24:52","slug":"rst-s1-kozna-jakna","status":"publish","type":"product","link":"https:\/\/motoshopextreme.ba\/?product=rst-s1-kozna-jakna","title":{"rendered":"RST S1 KO\u017dNA JAKNA"},"content":{"rendered":"","protected":false},"excerpt":{"rendered":"<p>Otkrijte na\u0161u raznovrsnu ponudu dodataka i opreme za motocikle! Bez obzira trebate li dodatnu opremu, prakti\u010dne dodatke ili stilski pribor, kod nas \u0107ete prona\u0107i sve \u0161to vam je potrebno za pobolj\u0161anje va\u0161e vo\u017enje. Explore More, Ride Better! \ud83c\udfcd\ufe0f<\/p>\n","protected":false},"featured_media":3010,"template":"","meta":[],"product_brand":[],"product_cat":[158],"product_tag":[],"class_list":{"0":"post-3006","1":"product","2":"type-product","3":"status-publish","4":"has-post-thumbnail","6":"product_cat-cestovna","8":"first","9":"instock","10":"taxable","11":"shipping-taxable","12":"purchasable","13":"product-type-simple"},"_links":{"self":[{"href":"https:\/\/motoshopextreme.ba\/index.php?rest_route=\/wp\/v2\/product\/3006","targetHints":{"allow":["GET"]}}],"collection":[{"href":"https:\/\/motoshopextreme.ba\/index.php?rest_route=\/wp\/v2\/product"}],"about":[{"href":"https:\/\/motoshopextreme.ba\/index.php?rest_route=\/wp\/v2\/types\/product"}],"wp:featuredmedia":[{"embeddable":true,"href":"https:\/\/motoshopextreme.ba\/index.php?rest_route=\/wp\/v2\/media\/3010"}],"wp:attachment":[{"href":"https:\/\/motoshopextreme.ba\/index.php?rest_route=%2Fwp%2Fv2%2Fmedia&parent=3006"}],"wp:term":[{"taxonomy":"product_brand","embeddable":true,"href":"https:\/\/motoshopextreme.ba\/index.php?rest_route=%2Fwp%2Fv2%2Fproduct_brand&post=3006"},{"taxonomy":"product_cat","embeddable":true,"href":"https:\/\/motoshopextreme.ba\/index.php?rest_route=%2Fwp%2Fv2%2Fproduct_cat&post=3006"},{"taxonomy":"product_tag","embeddable":true,"href":"https:\/\/motoshopextreme.ba\/index.php?rest_route=%2Fwp%2Fv2%2Fproduct_tag&post=3006"}],"curies":[{"name":"wp","href":"https:\/\/api.w.org\/{rel}","templated":true}]}}