{"id":3041,"date":"2024-02-08T09:08:11","date_gmt":"2024-02-08T09:08:11","guid":{"rendered":"https:\/\/motoshopextreme.ba\/?post_type=product&#038;p=3041"},"modified":"2024-02-08T09:08:11","modified_gmt":"2024-02-08T09:08:11","slug":"potkapa-za-motocikle","status":"publish","type":"product","link":"https:\/\/motoshopextreme.ba\/?product=potkapa-za-motocikle","title":{"rendered":"Potkapa za motocikle"},"content":{"rendered":"<p>Otkrijte neusporedivu termalnu za\u0161titu s OXFORD potkapama, temeljito izra\u0111enim kako bi za\u0161titile va\u0161u glavu i vrat od hladnih vremenskih uvjeta. Izra\u0111ene s naprednim materijalima, uklju\u010duju\u0107i Coolmax tehnologiju, na\u0161e potkape osiguravaju optimalnu udobnost i regulaciju temperature tokom cijele godine. Inovativan dizajn uklju\u010duje materijale oko nosa i usta, olak\u0161avaju\u0107i disanje \u010dak i u ekstremnim klimatskim uvjetima. Univerzalno kompatibilne i reverzibilne, svaka potkapa dolazi u jednoj veli\u010dini i s ravno izra\u0111enim \u0161avovima za maksimalnu udobnost. Iskusite pouzdanost DuPont\u00ae za\u0161ti\u0107enog obrtni\u0161tva, obe\u0107avaju\u0107i trajnost i performanse za va\u0161e vanjske avanture.<\/p>\n","protected":false},"excerpt":{"rendered":"<p>Otkrijte neusporedivu termalnu za\u0161titu s OXFORD potkapama, idealnim za za\u0161titu glave i vrata od hladnih vremenskih uvjeta. Univerzalne veli\u010dine i s flat \u0161avovima za maksimalnu udobnost.<\/p>\n","protected":false},"featured_media":3042,"template":"","meta":[],"product_brand":[],"product_cat":[183],"product_tag":[],"class_list":{"0":"post-3041","1":"product","2":"type-product","3":"status-publish","4":"has-post-thumbnail","6":"product_cat-dodatci-vozace","8":"first","9":"instock","10":"taxable","11":"shipping-taxable","12":"purchasable","13":"product-type-simple"},"_links":{"self":[{"href":"https:\/\/motoshopextreme.ba\/index.php?rest_route=\/wp\/v2\/product\/3041","targetHints":{"allow":["GET"]}}],"collection":[{"href":"https:\/\/motoshopextreme.ba\/index.php?rest_route=\/wp\/v2\/product"}],"about":[{"href":"https:\/\/motoshopextreme.ba\/index.php?rest_route=\/wp\/v2\/types\/product"}],"wp:featuredmedia":[{"embeddable":true,"href":"https:\/\/motoshopextreme.ba\/index.php?rest_route=\/wp\/v2\/media\/3042"}],"wp:attachment":[{"href":"https:\/\/motoshopextreme.ba\/index.php?rest_route=%2Fwp%2Fv2%2Fmedia&parent=3041"}],"wp:term":[{"taxonomy":"product_brand","embeddable":true,"href":"https:\/\/motoshopextreme.ba\/index.php?rest_route=%2Fwp%2Fv2%2Fproduct_brand&post=3041"},{"taxonomy":"product_cat","embeddable":true,"href":"https:\/\/motoshopextreme.ba\/index.php?rest_route=%2Fwp%2Fv2%2Fproduct_cat&post=3041"},{"taxonomy":"product_tag","embeddable":true,"href":"https:\/\/motoshopextreme.ba\/index.php?rest_route=%2Fwp%2Fv2%2Fproduct_tag&post=3041"}],"curies":[{"name":"wp","href":"https:\/\/api.w.org\/{rel}","templated":true}]}}