{"id":3043,"date":"2024-02-08T09:28:31","date_gmt":"2024-02-08T09:28:31","guid":{"rendered":"https:\/\/motoshopextreme.ba\/?post_type=product&#038;p=3043"},"modified":"2024-02-08T10:16:09","modified_gmt":"2024-02-08T10:16:09","slug":"rst-sabre-cizme-za-motor","status":"publish","type":"product","link":"https:\/\/motoshopextreme.ba\/?product=rst-sabre-cizme-za-motor","title":{"rendered":"RST SABRE \u010cIZME ZA MOTOR"},"content":{"rendered":"<p>Otkrijte super-agresivne \u010dizme Sabre, koje osiguravaju fantasti\u010dnu za\u0161titu i udobnost tijekom vo\u017enje motocikla. Izra\u0111ene od mikrofibre, ove cipele kombiniraju performanse i stil.<\/p>\n","protected":false},"excerpt":{"rendered":"<p>Otkrijte super-agresivne \u010dizme Sabre, koje osiguravaju fantasti\u010dnu za\u0161titu i udobnost tijekom vo\u017enje motocikla. Izra\u0111ene od mikrofibre, ove cipele kombiniraju performanse i stil.<\/p>\n","protected":false},"featured_media":3044,"template":"","meta":[],"product_brand":[],"product_cat":[147],"product_tag":[],"class_list":{"0":"post-3043","1":"product","2":"type-product","3":"status-publish","4":"has-post-thumbnail","6":"product_cat-cestovne","8":"first","9":"instock","10":"taxable","11":"shipping-taxable","12":"purchasable","13":"product-type-variable"},"_links":{"self":[{"href":"https:\/\/motoshopextreme.ba\/index.php?rest_route=\/wp\/v2\/product\/3043","targetHints":{"allow":["GET"]}}],"collection":[{"href":"https:\/\/motoshopextreme.ba\/index.php?rest_route=\/wp\/v2\/product"}],"about":[{"href":"https:\/\/motoshopextreme.ba\/index.php?rest_route=\/wp\/v2\/types\/product"}],"wp:featuredmedia":[{"embeddable":true,"href":"https:\/\/motoshopextreme.ba\/index.php?rest_route=\/wp\/v2\/media\/3044"}],"wp:attachment":[{"href":"https:\/\/motoshopextreme.ba\/index.php?rest_route=%2Fwp%2Fv2%2Fmedia&parent=3043"}],"wp:term":[{"taxonomy":"product_brand","embeddable":true,"href":"https:\/\/motoshopextreme.ba\/index.php?rest_route=%2Fwp%2Fv2%2Fproduct_brand&post=3043"},{"taxonomy":"product_cat","embeddable":true,"href":"https:\/\/motoshopextreme.ba\/index.php?rest_route=%2Fwp%2Fv2%2Fproduct_cat&post=3043"},{"taxonomy":"product_tag","embeddable":true,"href":"https:\/\/motoshopextreme.ba\/index.php?rest_route=%2Fwp%2Fv2%2Fproduct_tag&post=3043"}],"curies":[{"name":"wp","href":"https:\/\/api.w.org\/{rel}","templated":true}]}}