{"id":3051,"date":"2024-02-08T10:24:51","date_gmt":"2024-02-08T10:24:51","guid":{"rendered":"https:\/\/motoshopextreme.ba\/?post_type=product&#038;p=3051"},"modified":"2024-02-08T10:24:51","modified_gmt":"2024-02-08T10:24:51","slug":"fly-racing-lite-enduro-motocross-rukavice","status":"publish","type":"product","link":"https:\/\/motoshopextreme.ba\/?product=fly-racing-lite-enduro-motocross-rukavice","title":{"rendered":"FLY RACING LITE ENDURO\/MOTOCROSS RUKAVICE"},"content":{"rendered":"","protected":false},"excerpt":{"rendered":"<p>Otkrijte Fly Racing Lite Enduro\/Motocross rukavice &#8211; savr\u0161eni spoj udobnosti, za\u0161tite i izdr\u017eljivosti za vo\u017enju po zahtjevnim terenima.<\/p>\n","protected":false},"featured_media":3052,"template":"","meta":[],"product_brand":[],"product_cat":[155],"product_tag":[],"class_list":{"0":"post-3051","1":"product","2":"type-product","3":"status-publish","4":"has-post-thumbnail","6":"product_cat-off-road-rukavice","8":"first","9":"instock","10":"taxable","11":"shipping-taxable","12":"purchasable","13":"product-type-variable"},"_links":{"self":[{"href":"https:\/\/motoshopextreme.ba\/index.php?rest_route=\/wp\/v2\/product\/3051","targetHints":{"allow":["GET"]}}],"collection":[{"href":"https:\/\/motoshopextreme.ba\/index.php?rest_route=\/wp\/v2\/product"}],"about":[{"href":"https:\/\/motoshopextreme.ba\/index.php?rest_route=\/wp\/v2\/types\/product"}],"wp:featuredmedia":[{"embeddable":true,"href":"https:\/\/motoshopextreme.ba\/index.php?rest_route=\/wp\/v2\/media\/3052"}],"wp:attachment":[{"href":"https:\/\/motoshopextreme.ba\/index.php?rest_route=%2Fwp%2Fv2%2Fmedia&parent=3051"}],"wp:term":[{"taxonomy":"product_brand","embeddable":true,"href":"https:\/\/motoshopextreme.ba\/index.php?rest_route=%2Fwp%2Fv2%2Fproduct_brand&post=3051"},{"taxonomy":"product_cat","embeddable":true,"href":"https:\/\/motoshopextreme.ba\/index.php?rest_route=%2Fwp%2Fv2%2Fproduct_cat&post=3051"},{"taxonomy":"product_tag","embeddable":true,"href":"https:\/\/motoshopextreme.ba\/index.php?rest_route=%2Fwp%2Fv2%2Fproduct_tag&post=3051"}],"curies":[{"name":"wp","href":"https:\/\/api.w.org\/{rel}","templated":true}]}}