{"id":3060,"date":"2024-02-08T10:56:17","date_gmt":"2024-02-08T10:56:17","guid":{"rendered":"https:\/\/motoshopextreme.ba\/?post_type=product&#038;p=3060"},"modified":"2024-02-08T10:59:32","modified_gmt":"2024-02-08T10:59:32","slug":"rst-ventilator-xt-hlace-za-motocikl","status":"publish","type":"product","link":"https:\/\/motoshopextreme.ba\/?product=rst-ventilator-xt-hlace-za-motocikl","title":{"rendered":"RST VENTILATOR XT HLA\u010cE ZA MOTOCIKL"},"content":{"rendered":"<p>Uparene s na\u0161om Ventilator XT jaknom, RST Ventilator XT hla\u010de za motocikl su savr\u0161en izbor za sportske i touring voza\u010de tijekom toplijih mjeseci. Sa certifikatom razine 2 za za\u0161titu kuka i koljena, te raznovrsnim materijalima poput MAXTEX poliestera i K300 mre\u017ee, ove hla\u010de kombiniraju izdr\u017eljivost i udobnost za maksimalno u\u017eivanje na cesti.<\/p>\n","protected":false},"excerpt":{"rendered":"<p>Uparene s na\u0161om Ventilator XT jaknom, RST Ventilator XT hla\u010de za motocikl su savr\u0161en izbor za sportske i touring voza\u010de tijekom toplijih mjeseci. Sa certifikatom razine 2 za za\u0161titu kuka i koljena, te raznovrsnim materijalima poput MAXTEX poliestera i K300 mre\u017ee, ove hla\u010de kombiniraju izdr\u017eljivost i udobnost za maksimalno u\u017eivanje na cesti.<\/p>\n","protected":false},"featured_media":3061,"template":"","meta":[],"product_brand":[],"product_cat":[158],"product_tag":[],"class_list":{"0":"post-3060","1":"product","2":"type-product","3":"status-publish","4":"has-post-thumbnail","6":"product_cat-cestovna","8":"first","9":"instock","10":"taxable","11":"shipping-taxable","12":"purchasable","13":"product-type-variable"},"_links":{"self":[{"href":"https:\/\/motoshopextreme.ba\/index.php?rest_route=\/wp\/v2\/product\/3060","targetHints":{"allow":["GET"]}}],"collection":[{"href":"https:\/\/motoshopextreme.ba\/index.php?rest_route=\/wp\/v2\/product"}],"about":[{"href":"https:\/\/motoshopextreme.ba\/index.php?rest_route=\/wp\/v2\/types\/product"}],"wp:featuredmedia":[{"embeddable":true,"href":"https:\/\/motoshopextreme.ba\/index.php?rest_route=\/wp\/v2\/media\/3061"}],"wp:attachment":[{"href":"https:\/\/motoshopextreme.ba\/index.php?rest_route=%2Fwp%2Fv2%2Fmedia&parent=3060"}],"wp:term":[{"taxonomy":"product_brand","embeddable":true,"href":"https:\/\/motoshopextreme.ba\/index.php?rest_route=%2Fwp%2Fv2%2Fproduct_brand&post=3060"},{"taxonomy":"product_cat","embeddable":true,"href":"https:\/\/motoshopextreme.ba\/index.php?rest_route=%2Fwp%2Fv2%2Fproduct_cat&post=3060"},{"taxonomy":"product_tag","embeddable":true,"href":"https:\/\/motoshopextreme.ba\/index.php?rest_route=%2Fwp%2Fv2%2Fproduct_tag&post=3060"}],"curies":[{"name":"wp","href":"https:\/\/api.w.org\/{rel}","templated":true}]}}