{"id":3064,"date":"2024-02-08T11:08:21","date_gmt":"2024-02-08T11:08:21","guid":{"rendered":"https:\/\/motoshopextreme.ba\/?post_type=product&#038;p=3064"},"modified":"2024-02-08T11:08:21","modified_gmt":"2024-02-08T11:08:21","slug":"rst-ventilator-xt-jakna-za-motocikl","status":"publish","type":"product","link":"https:\/\/motoshopextreme.ba\/?product=rst-ventilator-xt-jakna-za-motocikl","title":{"rendered":"RST VENTILATOR XT JAKNA ZA MOTOCIKL"},"content":{"rendered":"<p>Nova verzija jakne Ventilator XT za 2023. godinu sadr\u017ei jo\u0161 vi\u0161e mre\u017ee na vanjskoj ljusci kako bi omogu\u0107ila \u0161to ve\u0107i protok zraka, \u010dine\u0107i je izuzetno prilagodljivom jaknom za sportske i touring voza\u010de kada se kombinira s Ventilator XT hla\u010dama. S certifikatima razine 2 za za\u0161titu le\u0111a, lakta i ramena, te raznolikim materijalima poput MAXTEX poliestera i K300 mre\u017ee, ova jakna pru\u017ea optimalnu udobnost i sigurnost tijekom vo\u017enje.<\/p>\n","protected":false},"excerpt":{"rendered":"<p>Nova verzija jakne Ventilator XT za 2023. godinu sadr\u017ei jo\u0161 vi\u0161e mre\u017ee na vanjskoj ljusci kako bi omogu\u0107ila \u0161to ve\u0107i protok zraka, \u010dine\u0107i je izuzetno prilagodljivom jaknom za sportske i touring voza\u010de kada se kombinira s Ventilator XT hla\u010dama. S certifikatima razine 2 za za\u0161titu le\u0111a, lakta i ramena, te raznolikim materijalima poput MAXTEX poliestera i K300 mre\u017ee, ova jakna pru\u017ea optimalnu udobnost i sigurnost tijekom vo\u017enje.<\/p>\n","protected":false},"featured_media":3065,"template":"","meta":[],"product_brand":[],"product_cat":[158],"product_tag":[],"class_list":{"0":"post-3064","1":"product","2":"type-product","3":"status-publish","4":"has-post-thumbnail","6":"product_cat-cestovna","8":"first","9":"instock","10":"taxable","11":"shipping-taxable","12":"purchasable","13":"product-type-variable"},"_links":{"self":[{"href":"https:\/\/motoshopextreme.ba\/index.php?rest_route=\/wp\/v2\/product\/3064","targetHints":{"allow":["GET"]}}],"collection":[{"href":"https:\/\/motoshopextreme.ba\/index.php?rest_route=\/wp\/v2\/product"}],"about":[{"href":"https:\/\/motoshopextreme.ba\/index.php?rest_route=\/wp\/v2\/types\/product"}],"wp:featuredmedia":[{"embeddable":true,"href":"https:\/\/motoshopextreme.ba\/index.php?rest_route=\/wp\/v2\/media\/3065"}],"wp:attachment":[{"href":"https:\/\/motoshopextreme.ba\/index.php?rest_route=%2Fwp%2Fv2%2Fmedia&parent=3064"}],"wp:term":[{"taxonomy":"product_brand","embeddable":true,"href":"https:\/\/motoshopextreme.ba\/index.php?rest_route=%2Fwp%2Fv2%2Fproduct_brand&post=3064"},{"taxonomy":"product_cat","embeddable":true,"href":"https:\/\/motoshopextreme.ba\/index.php?rest_route=%2Fwp%2Fv2%2Fproduct_cat&post=3064"},{"taxonomy":"product_tag","embeddable":true,"href":"https:\/\/motoshopextreme.ba\/index.php?rest_route=%2Fwp%2Fv2%2Fproduct_tag&post=3064"}],"curies":[{"name":"wp","href":"https:\/\/api.w.org\/{rel}","templated":true}]}}