{"id":3072,"date":"2024-02-08T11:14:53","date_gmt":"2024-02-08T11:14:53","guid":{"rendered":"https:\/\/motoshopextreme.ba\/?post_type=product&#038;p=3072"},"modified":"2024-02-08T11:14:53","modified_gmt":"2024-02-08T11:14:53","slug":"rst-s-1-jakna-za-motocikle","status":"publish","type":"product","link":"https:\/\/motoshopextreme.ba\/?product=rst-s-1-jakna-za-motocikle","title":{"rendered":"RST S-1 JAKNA ZA MOTOCIKLE"},"content":{"rendered":"<p>RST S-1 jakna za motocikle predstavlja vrhunski izbor za sve voza\u010de koji tra\u017ee izvanrednu za\u0161titu i stil.<\/p>\n","protected":false},"excerpt":{"rendered":"<p>RST S-1 jakna za motocikle predstavlja vrhunski izbor za sve voza\u010de koji tra\u017ee izvanrednu za\u0161titu i stil.<\/p>\n","protected":false},"featured_media":3073,"template":"","meta":[],"product_brand":[],"product_cat":[158],"product_tag":[],"class_list":{"0":"post-3072","1":"product","2":"type-product","3":"status-publish","4":"has-post-thumbnail","6":"product_cat-cestovna","8":"first","9":"instock","10":"taxable","11":"shipping-taxable","12":"purchasable","13":"product-type-variable"},"_links":{"self":[{"href":"https:\/\/motoshopextreme.ba\/index.php?rest_route=\/wp\/v2\/product\/3072","targetHints":{"allow":["GET"]}}],"collection":[{"href":"https:\/\/motoshopextreme.ba\/index.php?rest_route=\/wp\/v2\/product"}],"about":[{"href":"https:\/\/motoshopextreme.ba\/index.php?rest_route=\/wp\/v2\/types\/product"}],"wp:featuredmedia":[{"embeddable":true,"href":"https:\/\/motoshopextreme.ba\/index.php?rest_route=\/wp\/v2\/media\/3073"}],"wp:attachment":[{"href":"https:\/\/motoshopextreme.ba\/index.php?rest_route=%2Fwp%2Fv2%2Fmedia&parent=3072"}],"wp:term":[{"taxonomy":"product_brand","embeddable":true,"href":"https:\/\/motoshopextreme.ba\/index.php?rest_route=%2Fwp%2Fv2%2Fproduct_brand&post=3072"},{"taxonomy":"product_cat","embeddable":true,"href":"https:\/\/motoshopextreme.ba\/index.php?rest_route=%2Fwp%2Fv2%2Fproduct_cat&post=3072"},{"taxonomy":"product_tag","embeddable":true,"href":"https:\/\/motoshopextreme.ba\/index.php?rest_route=%2Fwp%2Fv2%2Fproduct_tag&post=3072"}],"curies":[{"name":"wp","href":"https:\/\/api.w.org\/{rel}","templated":true}]}}