{"id":3075,"date":"2024-02-08T11:26:07","date_gmt":"2024-02-08T11:26:07","guid":{"rendered":"https:\/\/motoshopextreme.ba\/?post_type=product&#038;p=3075"},"modified":"2024-02-08T11:26:07","modified_gmt":"2024-02-08T11:26:07","slug":"set-za-popravak-cilindra-prednje-kocnice","status":"publish","type":"product","link":"https:\/\/motoshopextreme.ba\/?product=set-za-popravak-cilindra-prednje-kocnice","title":{"rendered":"SET ZA POPRAVAK CILINDRA PREDNJE KO\u010cNICE"},"content":{"rendered":"","protected":false},"excerpt":{"rendered":"<p>All Balls Brembo Front Brake Master Cylinder Repair Kit pru\u017ea pouzdanu opciju za popravak ko\u010dionog sistema va\u0161eg motocikla. Ovaj komplet je specifi\u010dno dizajniran za popravak prednjeg glavnog cilindra ko\u010dnica, omogu\u0107avaju\u0107i efikasno odr\u017eavanje i obnovu funkcionalnosti va\u0161eg ko\u010dionog sistema. Sa precizno izra\u0111enim dijelovima i visokokvalitetnim materijalima, ovi setovi za popravak pru\u017eaju trajnu izdr\u017eljivost i pouzdanost kako bi va\u0161e ko\u010dnice funkcionirale besprijekorno. Idealno rje\u0161enje za sportske voza\u010de koji zahtijevaju vrhunske performanse i pouzdanost svog ko\u010dionog sistema.<\/p>\n","protected":false},"featured_media":3076,"template":"","meta":[],"product_brand":[],"product_cat":[184,126],"product_tag":[],"class_list":{"0":"post-3075","1":"product","2":"type-product","3":"status-publish","4":"has-post-thumbnail","6":"product_cat-dodatci-za-motocikle","7":"product_cat-motocikle","9":"first","10":"instock","11":"taxable","12":"shipping-taxable","13":"purchasable","14":"product-type-simple"},"_links":{"self":[{"href":"https:\/\/motoshopextreme.ba\/index.php?rest_route=\/wp\/v2\/product\/3075","targetHints":{"allow":["GET"]}}],"collection":[{"href":"https:\/\/motoshopextreme.ba\/index.php?rest_route=\/wp\/v2\/product"}],"about":[{"href":"https:\/\/motoshopextreme.ba\/index.php?rest_route=\/wp\/v2\/types\/product"}],"wp:featuredmedia":[{"embeddable":true,"href":"https:\/\/motoshopextreme.ba\/index.php?rest_route=\/wp\/v2\/media\/3076"}],"wp:attachment":[{"href":"https:\/\/motoshopextreme.ba\/index.php?rest_route=%2Fwp%2Fv2%2Fmedia&parent=3075"}],"wp:term":[{"taxonomy":"product_brand","embeddable":true,"href":"https:\/\/motoshopextreme.ba\/index.php?rest_route=%2Fwp%2Fv2%2Fproduct_brand&post=3075"},{"taxonomy":"product_cat","embeddable":true,"href":"https:\/\/motoshopextreme.ba\/index.php?rest_route=%2Fwp%2Fv2%2Fproduct_cat&post=3075"},{"taxonomy":"product_tag","embeddable":true,"href":"https:\/\/motoshopextreme.ba\/index.php?rest_route=%2Fwp%2Fv2%2Fproduct_tag&post=3075"}],"curies":[{"name":"wp","href":"https:\/\/api.w.org\/{rel}","templated":true}]}}