{"id":3077,"date":"2024-02-08T11:41:14","date_gmt":"2024-02-08T11:41:14","guid":{"rendered":"https:\/\/motoshopextreme.ba\/?post_type=product&#038;p=3077"},"modified":"2024-02-08T12:07:12","modified_gmt":"2024-02-08T12:07:12","slug":"polisport-stitnik-prednjeg-diska","status":"publish","type":"product","link":"https:\/\/motoshopextreme.ba\/?product=polisport-stitnik-prednjeg-diska","title":{"rendered":"POLISPORT \u0160TITNIK PREDNJEG DISKA"},"content":{"rendered":"<p>Polisport \u0161titnik prednjeg diska za off-road motore pru\u017ea izvanrednu za\u0161titu va\u0161eg motocikla od udaraca i o\u0161te\u0107enja.<\/p>\n","protected":false},"excerpt":{"rendered":"<p>Polisport \u0161titnik prednjeg diska za off-road motore pru\u017ea izvanrednu za\u0161titu va\u0161eg motocikla od udaraca i o\u0161te\u0107enja.<\/p>\n","protected":false},"featured_media":3078,"template":"","meta":[],"product_brand":[],"product_cat":[152],"product_tag":[],"class_list":{"0":"post-3077","1":"product","2":"type-product","3":"status-publish","4":"has-post-thumbnail","6":"product_cat-zastite-za-motocikle","8":"first","9":"instock","10":"taxable","11":"shipping-taxable","12":"purchasable","13":"product-type-simple"},"_links":{"self":[{"href":"https:\/\/motoshopextreme.ba\/index.php?rest_route=\/wp\/v2\/product\/3077","targetHints":{"allow":["GET"]}}],"collection":[{"href":"https:\/\/motoshopextreme.ba\/index.php?rest_route=\/wp\/v2\/product"}],"about":[{"href":"https:\/\/motoshopextreme.ba\/index.php?rest_route=\/wp\/v2\/types\/product"}],"wp:featuredmedia":[{"embeddable":true,"href":"https:\/\/motoshopextreme.ba\/index.php?rest_route=\/wp\/v2\/media\/3078"}],"wp:attachment":[{"href":"https:\/\/motoshopextreme.ba\/index.php?rest_route=%2Fwp%2Fv2%2Fmedia&parent=3077"}],"wp:term":[{"taxonomy":"product_brand","embeddable":true,"href":"https:\/\/motoshopextreme.ba\/index.php?rest_route=%2Fwp%2Fv2%2Fproduct_brand&post=3077"},{"taxonomy":"product_cat","embeddable":true,"href":"https:\/\/motoshopextreme.ba\/index.php?rest_route=%2Fwp%2Fv2%2Fproduct_cat&post=3077"},{"taxonomy":"product_tag","embeddable":true,"href":"https:\/\/motoshopextreme.ba\/index.php?rest_route=%2Fwp%2Fv2%2Fproduct_tag&post=3077"}],"curies":[{"name":"wp","href":"https:\/\/api.w.org\/{rel}","templated":true}]}}