{"id":3079,"date":"2024-02-08T11:53:34","date_gmt":"2024-02-08T11:53:34","guid":{"rendered":"https:\/\/motoshopextreme.ba\/?post_type=product&#038;p=3079"},"modified":"2024-02-08T11:53:34","modified_gmt":"2024-02-08T11:53:34","slug":"ktm-exc-ufo-set-plastika-2017-19","status":"publish","type":"product","link":"https:\/\/motoshopextreme.ba\/?product=ktm-exc-ufo-set-plastika-2017-19","title":{"rendered":"KTM EXC UFO SET PLASTIKA 2017\/19"},"content":{"rendered":"<p>KTM EXC UFO set plastike 2017\/19 je idealno rje\u0161enje za obnovu izgleda va\u0161eg motocikla. Sa preciznim dizajnom i visokokvalitetnim materijalima, ovaj set plastike osigurava savr\u0161eno pristajanje i izdr\u017eljivost. Transformirajte izgled svog KTM EXC motocikla s ovim kvalitetnim setom plastike od strane UFO-a<\/p>\n","protected":false},"excerpt":{"rendered":"<p>KTM EXC UFO set plastike 2017\/19 je idealno rje\u0161enje za obnovu izgleda va\u0161eg motocikla. Sa preciznim dizajnom i visokokvalitetnim materijalima, ovaj set plastike osigurava savr\u0161eno pristajanje i izdr\u017eljivost. Transformirajte izgled svog KTM EXC motocikla s ovim kvalitetnim setom plastike od strane UFO-a<\/p>\n","protected":false},"featured_media":3080,"template":"","meta":[],"product_brand":[],"product_cat":[184],"product_tag":[],"class_list":{"0":"post-3079","1":"product","2":"type-product","3":"status-publish","4":"has-post-thumbnail","6":"product_cat-dodatci-za-motocikle","8":"first","9":"instock","10":"taxable","11":"shipping-taxable","12":"purchasable","13":"product-type-simple"},"_links":{"self":[{"href":"https:\/\/motoshopextreme.ba\/index.php?rest_route=\/wp\/v2\/product\/3079","targetHints":{"allow":["GET"]}}],"collection":[{"href":"https:\/\/motoshopextreme.ba\/index.php?rest_route=\/wp\/v2\/product"}],"about":[{"href":"https:\/\/motoshopextreme.ba\/index.php?rest_route=\/wp\/v2\/types\/product"}],"wp:featuredmedia":[{"embeddable":true,"href":"https:\/\/motoshopextreme.ba\/index.php?rest_route=\/wp\/v2\/media\/3080"}],"wp:attachment":[{"href":"https:\/\/motoshopextreme.ba\/index.php?rest_route=%2Fwp%2Fv2%2Fmedia&parent=3079"}],"wp:term":[{"taxonomy":"product_brand","embeddable":true,"href":"https:\/\/motoshopextreme.ba\/index.php?rest_route=%2Fwp%2Fv2%2Fproduct_brand&post=3079"},{"taxonomy":"product_cat","embeddable":true,"href":"https:\/\/motoshopextreme.ba\/index.php?rest_route=%2Fwp%2Fv2%2Fproduct_cat&post=3079"},{"taxonomy":"product_tag","embeddable":true,"href":"https:\/\/motoshopextreme.ba\/index.php?rest_route=%2Fwp%2Fv2%2Fproduct_tag&post=3079"}],"curies":[{"name":"wp","href":"https:\/\/api.w.org\/{rel}","templated":true}]}}