{"id":3081,"date":"2024-02-08T12:01:28","date_gmt":"2024-02-08T12:01:28","guid":{"rendered":"https:\/\/motoshopextreme.ba\/?post_type=product&#038;p=3081"},"modified":"2024-02-08T12:06:30","modified_gmt":"2024-02-08T12:06:30","slug":"polisport-stitnici-za-ruke","status":"publish","type":"product","link":"https:\/\/motoshopextreme.ba\/?product=polisport-stitnici-za-ruke","title":{"rendered":"POLISPORT \u0160TITNICI ZA RUKE"},"content":{"rendered":"<p>Polisport \u0161titnici za ruke za off-road motore pru\u017eaju izvanrednu za\u0161titu i sigurnost tijekom vo\u017enje u te\u0161kim terenima. Ovi \u0161titnici su dizajnirani s naglaskom na izdr\u017eljivost i funkcionalnost, pru\u017eaju\u0107i pouzdanu za\u0161titu od udaraca, grana i drugih prepreka.<\/p>\n","protected":false},"excerpt":{"rendered":"<p>Polisport \u0161titnici za ruke za off-road motore pru\u017eaju izvanrednu za\u0161titu i sigurnost tijekom vo\u017enje u te\u0161kim terenima. Ovi \u0161titnici su dizajnirani s naglaskom na izdr\u017eljivost i funkcionalnost, pru\u017eaju\u0107i pouzdanu za\u0161titu od udaraca, grana i drugih prepreka.<\/p>\n","protected":false},"featured_media":3082,"template":"","meta":[],"product_brand":[],"product_cat":[184],"product_tag":[],"class_list":{"0":"post-3081","1":"product","2":"type-product","3":"status-publish","4":"has-post-thumbnail","6":"product_cat-dodatci-za-motocikle","8":"first","9":"instock","10":"taxable","11":"shipping-taxable","12":"purchasable","13":"product-type-simple"},"_links":{"self":[{"href":"https:\/\/motoshopextreme.ba\/index.php?rest_route=\/wp\/v2\/product\/3081","targetHints":{"allow":["GET"]}}],"collection":[{"href":"https:\/\/motoshopextreme.ba\/index.php?rest_route=\/wp\/v2\/product"}],"about":[{"href":"https:\/\/motoshopextreme.ba\/index.php?rest_route=\/wp\/v2\/types\/product"}],"wp:featuredmedia":[{"embeddable":true,"href":"https:\/\/motoshopextreme.ba\/index.php?rest_route=\/wp\/v2\/media\/3082"}],"wp:attachment":[{"href":"https:\/\/motoshopextreme.ba\/index.php?rest_route=%2Fwp%2Fv2%2Fmedia&parent=3081"}],"wp:term":[{"taxonomy":"product_brand","embeddable":true,"href":"https:\/\/motoshopextreme.ba\/index.php?rest_route=%2Fwp%2Fv2%2Fproduct_brand&post=3081"},{"taxonomy":"product_cat","embeddable":true,"href":"https:\/\/motoshopextreme.ba\/index.php?rest_route=%2Fwp%2Fv2%2Fproduct_cat&post=3081"},{"taxonomy":"product_tag","embeddable":true,"href":"https:\/\/motoshopextreme.ba\/index.php?rest_route=%2Fwp%2Fv2%2Fproduct_tag&post=3081"}],"curies":[{"name":"wp","href":"https:\/\/api.w.org\/{rel}","templated":true}]}}