{"id":3083,"date":"2024-02-08T12:06:04","date_gmt":"2024-02-08T12:06:04","guid":{"rendered":"https:\/\/motoshopextreme.ba\/?post_type=product&#038;p=3083"},"modified":"2024-02-08T12:06:49","modified_gmt":"2024-02-08T12:06:49","slug":"polisport-stitnici-za-ruke-enduro-motocross","status":"publish","type":"product","link":"https:\/\/motoshopextreme.ba\/?product=polisport-stitnici-za-ruke-enduro-motocross","title":{"rendered":"POLISPORT \u0160TITNICI ZA RUKE ENDURO\/MOTOCROSS"},"content":{"rendered":"<p>Polisport \u0161titnici za ruke za off-road motore pru\u017eaju izvanrednu za\u0161titu i sigurnost tijekom vo\u017enje u te\u0161kim terenima. Ovi \u0161titnici su dizajnirani s naglaskom na izdr\u017eljivost i funkcionalnost, pru\u017eaju\u0107i pouzdanu za\u0161titu od udaraca, grana i drugih prepreka.<\/p>\n","protected":false},"excerpt":{"rendered":"<p>Polisport \u0161titnici za ruke za off-road motore pru\u017eaju izvanrednu za\u0161titu i sigurnost tijekom vo\u017enje u te\u0161kim terenima. Ovi \u0161titnici su dizajnirani s naglaskom na izdr\u017eljivost i funkcionalnost, pru\u017eaju\u0107i pouzdanu za\u0161titu od udaraca, grana i drugih prepreka.<\/p>\n","protected":false},"featured_media":3084,"template":"","meta":[],"product_brand":[],"product_cat":[152],"product_tag":[],"class_list":{"0":"post-3083","1":"product","2":"type-product","3":"status-publish","4":"has-post-thumbnail","6":"product_cat-zastite-za-motocikle","8":"first","9":"instock","10":"taxable","11":"shipping-taxable","12":"purchasable","13":"product-type-simple"},"_links":{"self":[{"href":"https:\/\/motoshopextreme.ba\/index.php?rest_route=\/wp\/v2\/product\/3083","targetHints":{"allow":["GET"]}}],"collection":[{"href":"https:\/\/motoshopextreme.ba\/index.php?rest_route=\/wp\/v2\/product"}],"about":[{"href":"https:\/\/motoshopextreme.ba\/index.php?rest_route=\/wp\/v2\/types\/product"}],"wp:featuredmedia":[{"embeddable":true,"href":"https:\/\/motoshopextreme.ba\/index.php?rest_route=\/wp\/v2\/media\/3084"}],"wp:attachment":[{"href":"https:\/\/motoshopextreme.ba\/index.php?rest_route=%2Fwp%2Fv2%2Fmedia&parent=3083"}],"wp:term":[{"taxonomy":"product_brand","embeddable":true,"href":"https:\/\/motoshopextreme.ba\/index.php?rest_route=%2Fwp%2Fv2%2Fproduct_brand&post=3083"},{"taxonomy":"product_cat","embeddable":true,"href":"https:\/\/motoshopextreme.ba\/index.php?rest_route=%2Fwp%2Fv2%2Fproduct_cat&post=3083"},{"taxonomy":"product_tag","embeddable":true,"href":"https:\/\/motoshopextreme.ba\/index.php?rest_route=%2Fwp%2Fv2%2Fproduct_tag&post=3083"}],"curies":[{"name":"wp","href":"https:\/\/api.w.org\/{rel}","templated":true}]}}