{"id":3265,"date":"2024-11-14T18:27:50","date_gmt":"2024-11-14T18:27:50","guid":{"rendered":"https:\/\/motoshopextreme.ba\/?post_type=product&#038;p=3265"},"modified":"2024-11-14T18:29:00","modified_gmt":"2024-11-14T18:29:00","slug":"smk-glide-kyren-flip-up-kaciga-za-motor","status":"publish","type":"product","link":"https:\/\/motoshopextreme.ba\/?product=smk-glide-kyren-flip-up-kaciga-za-motor","title":{"rendered":"SMK GLIDE KYREN Flip-Up Kaciga za Motor"},"content":{"rendered":"","protected":false},"excerpt":{"rendered":"<p>SMK Glide flip-up kaciga nudi fleksibilnost s dvostrukom homologacijom, omogu\u0107avaju\u0107i upotrebu kao integralne ili otvorene (jet) kacige. S odli\u010dnim vidnim poljem, udobnom postavom i pripremljena za komunikacione sisteme, ova kaciga je odli\u010dan izbor za svakodnevne vo\u017enje i du\u017ea putovanja.<\/p>\n<p><strong>Karakteristike:<\/strong><\/p>\n<ul>\n<li>Izdr\u017eljiva EIRT termoplastika s aerodinami\u010dnim oblikom<\/li>\n<li>Uklonjiva i periva unutra\u0161njost za dodatnu higijenu<\/li>\n<li>Integrisani sun\u010dani vizir<\/li>\n<li>Efikasan ventilacijski sistem<\/li>\n<li>Vizir s UV za\u0161titom i otporan na ogrebotine<\/li>\n<li>Kompatibilna s Pinlock sistemom<\/li>\n<\/ul>\n<p><strong>Specifikacije:<\/strong><\/p>\n<ul>\n<li>Dvije veli\u010dine \u0161koljke<\/li>\n<li>ECE 22.05 certifikat<\/li>\n<li>Mikro zatvara\u010d za sigurno pri\u010dvr\u0161\u0107ivanje<\/li>\n<\/ul>\n","protected":false},"featured_media":3270,"template":"","meta":[],"product_brand":[],"product_cat":[153],"product_tag":[],"class_list":{"0":"post-3265","1":"product","2":"type-product","3":"status-publish","4":"has-post-thumbnail","6":"product_cat-cestovne-kacige","8":"first","9":"instock","10":"taxable","11":"shipping-taxable","12":"purchasable","13":"product-type-variable"},"_links":{"self":[{"href":"https:\/\/motoshopextreme.ba\/index.php?rest_route=\/wp\/v2\/product\/3265","targetHints":{"allow":["GET"]}}],"collection":[{"href":"https:\/\/motoshopextreme.ba\/index.php?rest_route=\/wp\/v2\/product"}],"about":[{"href":"https:\/\/motoshopextreme.ba\/index.php?rest_route=\/wp\/v2\/types\/product"}],"wp:featuredmedia":[{"embeddable":true,"href":"https:\/\/motoshopextreme.ba\/index.php?rest_route=\/wp\/v2\/media\/3270"}],"wp:attachment":[{"href":"https:\/\/motoshopextreme.ba\/index.php?rest_route=%2Fwp%2Fv2%2Fmedia&parent=3265"}],"wp:term":[{"taxonomy":"product_brand","embeddable":true,"href":"https:\/\/motoshopextreme.ba\/index.php?rest_route=%2Fwp%2Fv2%2Fproduct_brand&post=3265"},{"taxonomy":"product_cat","embeddable":true,"href":"https:\/\/motoshopextreme.ba\/index.php?rest_route=%2Fwp%2Fv2%2Fproduct_cat&post=3265"},{"taxonomy":"product_tag","embeddable":true,"href":"https:\/\/motoshopextreme.ba\/index.php?rest_route=%2Fwp%2Fv2%2Fproduct_tag&post=3265"}],"curies":[{"name":"wp","href":"https:\/\/api.w.org\/{rel}","templated":true}]}}