{"id":3295,"date":"2024-11-15T13:50:41","date_gmt":"2024-11-15T13:50:41","guid":{"rendered":"https:\/\/motoshopextreme.ba\/?post_type=product&#038;p=3295"},"modified":"2024-11-15T16:23:27","modified_gmt":"2024-11-15T16:23:27","slug":"pioneer-ii-namib-offroad-kaciga-za-motor","status":"publish","type":"product","link":"https:\/\/motoshopextreme.ba\/?product=pioneer-ii-namib-offroad-kaciga-za-motor","title":{"rendered":"LS2 PIONEER II \u2013 CRAZY Offroad Kaciga za Motor"},"content":{"rendered":"","protected":false},"excerpt":{"rendered":"<p>LS2 Pioneer II kaciga savr\u0161en je izbor za voza\u010de koji tra\u017ee udobnost, sigurnost i naprednu tehnologiju. S izvrsnim ventilacijskim sistemom, \u0161irokim vidnim poljem i kompatibilno\u0161\u0107u s LS2 INTERCOM sistemom, pru\u017ea idealnu kombinaciju funkcionalnosti i performansi.<\/p>\n<p><strong>Udobnost:<\/strong><\/p>\n<ul>\n<li>Priprema za LS2 INTERCOM (Bluetooth by Cardo)<\/li>\n<li>Prozra\u010dna i hipoalergenska unutra\u0161njost koja se mo\u017ee skidati i prati<\/li>\n<li>Lagana i prilagodljiva za dugotrajnu upotrebu<\/li>\n<\/ul>\n<p><strong>Vizir:<\/strong><\/p>\n<ul>\n<li>Ekstra \u0161iroko vidno polje za bolju preglednost<\/li>\n<li>Sustav s dva vizira s UV za\u0161titom i otporno\u0161\u0107u na ogrebotine<\/li>\n<li>Pripremljen za Pinlock le\u0107u protiv magljenja<\/li>\n<\/ul>\n<p><strong>Sigurnost:<\/strong><\/p>\n<ul>\n<li>Mikrometrijska kop\u010da za lako i sigurno pri\u010dvr\u0161\u0107ivanje<\/li>\n<li>Oja\u010dani sigurnosni remen i EPS s vi\u0161estrukim gustinama za optimalnu za\u0161titu<\/li>\n<\/ul>\n<p><strong>Ventilacija:<\/strong><\/p>\n<ul>\n<li>Vi\u0161ekanalni sistem za bolji protok zraka<\/li>\n<li>Usisi na bradi i vrhu kacige za maksimalnu ventilaciju<\/li>\n<\/ul>\n","protected":false},"featured_media":3308,"template":"","meta":[],"product_brand":[],"product_cat":[154],"product_tag":[],"class_list":{"0":"post-3295","1":"product","2":"type-product","3":"status-publish","4":"has-post-thumbnail","6":"product_cat-off-road-kacige","8":"first","9":"instock","10":"taxable","11":"shipping-taxable","12":"purchasable","13":"product-type-variable"},"_links":{"self":[{"href":"https:\/\/motoshopextreme.ba\/index.php?rest_route=\/wp\/v2\/product\/3295","targetHints":{"allow":["GET"]}}],"collection":[{"href":"https:\/\/motoshopextreme.ba\/index.php?rest_route=\/wp\/v2\/product"}],"about":[{"href":"https:\/\/motoshopextreme.ba\/index.php?rest_route=\/wp\/v2\/types\/product"}],"wp:featuredmedia":[{"embeddable":true,"href":"https:\/\/motoshopextreme.ba\/index.php?rest_route=\/wp\/v2\/media\/3308"}],"wp:attachment":[{"href":"https:\/\/motoshopextreme.ba\/index.php?rest_route=%2Fwp%2Fv2%2Fmedia&parent=3295"}],"wp:term":[{"taxonomy":"product_brand","embeddable":true,"href":"https:\/\/motoshopextreme.ba\/index.php?rest_route=%2Fwp%2Fv2%2Fproduct_brand&post=3295"},{"taxonomy":"product_cat","embeddable":true,"href":"https:\/\/motoshopextreme.ba\/index.php?rest_route=%2Fwp%2Fv2%2Fproduct_cat&post=3295"},{"taxonomy":"product_tag","embeddable":true,"href":"https:\/\/motoshopextreme.ba\/index.php?rest_route=%2Fwp%2Fv2%2Fproduct_tag&post=3295"}],"curies":[{"name":"wp","href":"https:\/\/api.w.org\/{rel}","templated":true}]}}