{"id":3456,"date":"2024-11-15T15:13:14","date_gmt":"2024-11-15T15:13:14","guid":{"rendered":"https:\/\/motoshopextreme.ba\/?post_type=product&#038;p=3456"},"modified":"2024-11-15T16:21:29","modified_gmt":"2024-11-15T16:21:29","slug":"scope-arch-flip-up-kaciga-za-motor-kopiraj","status":"publish","type":"product","link":"https:\/\/motoshopextreme.ba\/?product=scope-arch-flip-up-kaciga-za-motor-kopiraj","title":{"rendered":"LS2 SCOPE \u2013 ARCH Flip-Up Kaciga za Motor"},"content":{"rendered":"","protected":false},"excerpt":{"rendered":"<p>LS2 Scope kaciga dizajnirana je za voza\u010de koji tra\u017ee kombinaciju vrhunske sigurnosti, udobnosti i prakti\u010dnosti. S inovativnim sistemom vizira, dugotrajnim materijalima i naprednom ventilacijom, ova kaciga nudi sve \u0161to je potrebno za udobnu i sigurnu vo\u017enju. Bilo da se upu\u0161tate u dugu vo\u017enju ili kratke gradske ture, LS2 Scope pru\u017ea optimalnu za\u0161titu i nevjerojatnu udobnost kroz svaki kilometar. Pripremite se za izvanredno iskustvo s kacigom koja spaja najnovije tehnologije sa stilom i funkcionalno\u0161\u0107u.<\/p>\n<p><strong>Sistem vizira:<\/strong><\/p>\n<ul>\n<li>Preklopni prednji \u0161titnik koji se rotira za 90\u00b0<\/li>\n<li>Brza i jednostavna zamjena vizira<\/li>\n<li>Vizir otporan na ogrebotine, s UV za\u0161titom<\/li>\n<li>Pripremljen za ugradnju Pinlock sustava za dodatnu za\u0161titu od magljenja<\/li>\n<\/ul>\n<p><strong>Udobnost:<\/strong><\/p>\n<ul>\n<li>Visoko udobna unutra\u0161nja podstava koja osigurava maksimalnu udobnost<\/li>\n<li>Skidiva i periva tekstilna podstava<\/li>\n<li>Prozra\u010dna unutra\u0161njost s hipoalergenskim materijalima za du\u017ee vo\u017enje bez iritacija<\/li>\n<\/ul>\n<p><strong>Sigurnost:<\/strong><\/p>\n<ul>\n<li>Oja\u010dani remen za sigurno i stabilno no\u0161enje<\/li>\n<li>Reflektiraju\u0107i sigurnosni detalji za bolju vidljivost pri slabijoj svjetlosti<\/li>\n<li>Vi\u0161eslojni EPS sustav sa razli\u010ditim gusto\u0107ama za bolju apsorpciju udara<\/li>\n<\/ul>\n<p><strong>Ventilacija:<\/strong><\/p>\n<ul>\n<li>Dvostruki usisni otvori za bolji protok zraka<\/li>\n<li>Gornji usisni otvor i izlazni ventil na stra\u017enjem dijelu kacige za optimalno hla\u0111enje<\/li>\n<\/ul>\n","protected":false},"featured_media":3461,"template":"","meta":[],"product_brand":[],"product_cat":[153],"product_tag":[],"class_list":{"0":"post-3456","1":"product","2":"type-product","3":"status-publish","4":"has-post-thumbnail","6":"product_cat-cestovne-kacige","8":"first","9":"instock","10":"taxable","11":"shipping-taxable","12":"purchasable","13":"product-type-variable"},"_links":{"self":[{"href":"https:\/\/motoshopextreme.ba\/index.php?rest_route=\/wp\/v2\/product\/3456","targetHints":{"allow":["GET"]}}],"collection":[{"href":"https:\/\/motoshopextreme.ba\/index.php?rest_route=\/wp\/v2\/product"}],"about":[{"href":"https:\/\/motoshopextreme.ba\/index.php?rest_route=\/wp\/v2\/types\/product"}],"wp:featuredmedia":[{"embeddable":true,"href":"https:\/\/motoshopextreme.ba\/index.php?rest_route=\/wp\/v2\/media\/3461"}],"wp:attachment":[{"href":"https:\/\/motoshopextreme.ba\/index.php?rest_route=%2Fwp%2Fv2%2Fmedia&parent=3456"}],"wp:term":[{"taxonomy":"product_brand","embeddable":true,"href":"https:\/\/motoshopextreme.ba\/index.php?rest_route=%2Fwp%2Fv2%2Fproduct_brand&post=3456"},{"taxonomy":"product_cat","embeddable":true,"href":"https:\/\/motoshopextreme.ba\/index.php?rest_route=%2Fwp%2Fv2%2Fproduct_cat&post=3456"},{"taxonomy":"product_tag","embeddable":true,"href":"https:\/\/motoshopextreme.ba\/index.php?rest_route=%2Fwp%2Fv2%2Fproduct_tag&post=3456"}],"curies":[{"name":"wp","href":"https:\/\/api.w.org\/{rel}","templated":true}]}}