{"id":3541,"date":"2024-11-15T15:46:32","date_gmt":"2024-11-15T15:46:32","guid":{"rendered":"https:\/\/motoshopextreme.ba\/?post_type=product&#038;p=3541"},"modified":"2024-11-15T16:20:33","modified_gmt":"2024-11-15T16:20:33","slug":"storm-burst-full-face-kaciga-za-motor-kopiraj","status":"publish","type":"product","link":"https:\/\/motoshopextreme.ba\/?product=storm-burst-full-face-kaciga-za-motor-kopiraj","title":{"rendered":"LS2 STORM \u2013 BURST Full-Face Kaciga za Motor"},"content":{"rendered":"","protected":false},"excerpt":{"rendered":"<p>LS2 Storm je savr\u0161en odabir za motocikliste koji tra\u017ee udobnost i sigurnost na gradskim cestama i autocestama. S laganom KPA \u0161koljkom i naprednim sustavom ventilacije, ova kaciga pru\u017ea vrhunski u\u017eitak u vo\u017enji. Osim toga, dvosmjerni vizir, otporan na ogrebotine i UV zra\u010denje, osigurava jasnu vidljivost u svim uvjetima.<\/p>\n<p><strong>Klju\u010dne Karakteristike:<\/strong><\/p>\n<ul>\n<li><strong>Udobnost:<\/strong> Hipoalergenski materijali i ugodna unutra\u0161njost<\/li>\n<li><strong>Sigurnost:<\/strong> Oja\u010dani remen i vi\u0161eslojni EPS za ve\u0107u za\u0161titu<\/li>\n<li><strong>Vizir:<\/strong> Dvosmjerni, otporan na ogrebotine, pripremljen za Pinlock<\/li>\n<li><strong>Ventilacija:<\/strong> Gornji usis, usis na bradi i izlazni ventil za optimalnu cirkulaciju zraka<\/li>\n<\/ul>\n<p>LS2 Storm je kaciga koja kombinira funkcionalnost i udobnost, pru\u017eaju\u0107i izvrsnu za\u0161titu za sve va\u0161e vo\u017enje.<\/p>\n","protected":false},"featured_media":3546,"template":"","meta":[],"product_brand":[],"product_cat":[153],"product_tag":[],"class_list":{"0":"post-3541","1":"product","2":"type-product","3":"status-publish","4":"has-post-thumbnail","6":"product_cat-cestovne-kacige","8":"first","9":"instock","10":"taxable","11":"shipping-taxable","12":"purchasable","13":"product-type-variable"},"_links":{"self":[{"href":"https:\/\/motoshopextreme.ba\/index.php?rest_route=\/wp\/v2\/product\/3541","targetHints":{"allow":["GET"]}}],"collection":[{"href":"https:\/\/motoshopextreme.ba\/index.php?rest_route=\/wp\/v2\/product"}],"about":[{"href":"https:\/\/motoshopextreme.ba\/index.php?rest_route=\/wp\/v2\/types\/product"}],"wp:featuredmedia":[{"embeddable":true,"href":"https:\/\/motoshopextreme.ba\/index.php?rest_route=\/wp\/v2\/media\/3546"}],"wp:attachment":[{"href":"https:\/\/motoshopextreme.ba\/index.php?rest_route=%2Fwp%2Fv2%2Fmedia&parent=3541"}],"wp:term":[{"taxonomy":"product_brand","embeddable":true,"href":"https:\/\/motoshopextreme.ba\/index.php?rest_route=%2Fwp%2Fv2%2Fproduct_brand&post=3541"},{"taxonomy":"product_cat","embeddable":true,"href":"https:\/\/motoshopextreme.ba\/index.php?rest_route=%2Fwp%2Fv2%2Fproduct_cat&post=3541"},{"taxonomy":"product_tag","embeddable":true,"href":"https:\/\/motoshopextreme.ba\/index.php?rest_route=%2Fwp%2Fv2%2Fproduct_tag&post=3541"}],"curies":[{"name":"wp","href":"https:\/\/api.w.org\/{rel}","templated":true}]}}