{"id":3685,"date":"2024-11-15T18:44:40","date_gmt":"2024-11-15T18:44:40","guid":{"rendered":"https:\/\/motoshopextreme.ba\/?post_type=product&#038;p=3685"},"modified":"2024-11-15T18:49:06","modified_gmt":"2024-11-15T18:49:06","slug":"ls2-dardo-patike-za-motor","status":"publish","type":"product","link":"https:\/\/motoshopextreme.ba\/?product=ls2-dardo-patike-za-motor","title":{"rendered":"LS2 DARDO Patike za Motor"},"content":{"rendered":"","protected":false},"excerpt":{"rendered":"<p>LS2 Dardo \u010dizme nude savr\u0161en balans izme\u0111u sigurnosti, udobnosti i funkcionalnosti, \u010dine\u0107i ih idealnim izborom za motocikliste koji tra\u017ee kvalitetnu obu\u0107u za svakodnevnu vo\u017enju i du\u017ee ture.<\/p>\n<p><strong>Karakteristike:<\/strong><\/p>\n<ul>\n<li><strong>Materijali:<\/strong> Izdr\u017eljivi i vodootporni materijali za vo\u017enju u svim vremenskim uvjetima<\/li>\n<li><strong>Sigurnost:<\/strong> Oja\u010danja na klju\u010dnim dijelovima, uklju\u010duju\u0107i gle\u017enjeve i prste<\/li>\n<li><strong>Udobnost:<\/strong> Mekana unutra\u0161njost i ergonomski dizajn za cjelodnevnu vo\u017enju<\/li>\n<li><strong>Prakti\u010dnost:<\/strong> Jednostavno zakop\u010davanje i protuklizni \u0111on za stabilnost na svim povr\u0161inama<\/li>\n<\/ul>\n<p>LS2 Dardo \u010dizme su pouzdan izbor za motocikliste koji \u017eele sigurnost i udobnost bez kompromisa.<\/p>\n","protected":false},"featured_media":3686,"template":"","meta":[],"product_brand":[],"product_cat":[147],"product_tag":[],"class_list":{"0":"post-3685","1":"product","2":"type-product","3":"status-publish","4":"has-post-thumbnail","6":"product_cat-cestovne","8":"first","9":"instock","10":"taxable","11":"shipping-taxable","12":"purchasable","13":"product-type-simple"},"_links":{"self":[{"href":"https:\/\/motoshopextreme.ba\/index.php?rest_route=\/wp\/v2\/product\/3685","targetHints":{"allow":["GET"]}}],"collection":[{"href":"https:\/\/motoshopextreme.ba\/index.php?rest_route=\/wp\/v2\/product"}],"about":[{"href":"https:\/\/motoshopextreme.ba\/index.php?rest_route=\/wp\/v2\/types\/product"}],"wp:featuredmedia":[{"embeddable":true,"href":"https:\/\/motoshopextreme.ba\/index.php?rest_route=\/wp\/v2\/media\/3686"}],"wp:attachment":[{"href":"https:\/\/motoshopextreme.ba\/index.php?rest_route=%2Fwp%2Fv2%2Fmedia&parent=3685"}],"wp:term":[{"taxonomy":"product_brand","embeddable":true,"href":"https:\/\/motoshopextreme.ba\/index.php?rest_route=%2Fwp%2Fv2%2Fproduct_brand&post=3685"},{"taxonomy":"product_cat","embeddable":true,"href":"https:\/\/motoshopextreme.ba\/index.php?rest_route=%2Fwp%2Fv2%2Fproduct_cat&post=3685"},{"taxonomy":"product_tag","embeddable":true,"href":"https:\/\/motoshopextreme.ba\/index.php?rest_route=%2Fwp%2Fv2%2Fproduct_tag&post=3685"}],"curies":[{"name":"wp","href":"https:\/\/api.w.org\/{rel}","templated":true}]}}