{"id":3687,"date":"2024-11-15T18:48:25","date_gmt":"2024-11-15T18:48:25","guid":{"rendered":"https:\/\/motoshopextreme.ba\/?post_type=product&#038;p=3687"},"modified":"2024-11-15T18:54:07","modified_gmt":"2024-11-15T18:54:07","slug":"ls2-aura-pro-naocale-brile-za-enduro-motocross","status":"publish","type":"product","link":"https:\/\/motoshopextreme.ba\/?product=ls2-aura-pro-naocale-brile-za-enduro-motocross","title":{"rendered":"LS2 AURA PRO Nao\u010dale \/ Brile za Enduro &#038; Motocross"},"content":{"rendered":"","protected":false},"excerpt":{"rendered":"<p>LS2 Aura Pro nao\u010dale dizajnirane su za zahtjevne uvjete enduro i motocross vo\u017enje, pru\u017eaju\u0107i izvanrednu za\u0161titu, udobnost i preglednost. Izra\u0111ene su od vrhunskih materijala, s modernim tehnologijama koje omogu\u0107uju nesmetanu vo\u017enju u pra\u0161ini, blatu i svim vremenskim uvjetima.<\/p>\n<p><strong>Karakteristike:<\/strong><\/p>\n<ul>\n<li><strong>Le\u0107e:<\/strong> Otporne na ogrebotine, s UV za\u0161titom i anti-fog slojem za \u010distu vidljivost<\/li>\n<li><strong>Okvir:<\/strong> Fleksibilan i izdr\u017eljiv okvir prilago\u0111en svim kacigama<\/li>\n<li><strong>Udobnost:<\/strong> Mekani trostruki sloj pjene koji osigurava prianjanje i odvodi vlagu<\/li>\n<li><strong>Ventilacija:<\/strong> Sustav ventilacijskih otvora za sprje\u010davanje magljenja<\/li>\n<li><strong>Traka:<\/strong> Protuklizna elasti\u010dna traka s pode\u0161avanjem za sigurno pristajanje<\/li>\n<\/ul>\n<p>LS2 Aura Pro nao\u010dale osiguravaju vrhunsku za\u0161titu o\u010diju i kristalno jasan pogled, omogu\u0107uju\u0107i vam da se fokusirate na stazu ispred vas.<\/p>\n","protected":false},"featured_media":3688,"template":"","meta":[],"product_brand":[],"product_cat":[183],"product_tag":[],"class_list":{"0":"post-3687","1":"product","2":"type-product","3":"status-publish","4":"has-post-thumbnail","6":"product_cat-dodatci-vozace","8":"first","9":"instock","10":"taxable","11":"shipping-taxable","12":"purchasable","13":"product-type-simple"},"_links":{"self":[{"href":"https:\/\/motoshopextreme.ba\/index.php?rest_route=\/wp\/v2\/product\/3687","targetHints":{"allow":["GET"]}}],"collection":[{"href":"https:\/\/motoshopextreme.ba\/index.php?rest_route=\/wp\/v2\/product"}],"about":[{"href":"https:\/\/motoshopextreme.ba\/index.php?rest_route=\/wp\/v2\/types\/product"}],"wp:featuredmedia":[{"embeddable":true,"href":"https:\/\/motoshopextreme.ba\/index.php?rest_route=\/wp\/v2\/media\/3688"}],"wp:attachment":[{"href":"https:\/\/motoshopextreme.ba\/index.php?rest_route=%2Fwp%2Fv2%2Fmedia&parent=3687"}],"wp:term":[{"taxonomy":"product_brand","embeddable":true,"href":"https:\/\/motoshopextreme.ba\/index.php?rest_route=%2Fwp%2Fv2%2Fproduct_brand&post=3687"},{"taxonomy":"product_cat","embeddable":true,"href":"https:\/\/motoshopextreme.ba\/index.php?rest_route=%2Fwp%2Fv2%2Fproduct_cat&post=3687"},{"taxonomy":"product_tag","embeddable":true,"href":"https:\/\/motoshopextreme.ba\/index.php?rest_route=%2Fwp%2Fv2%2Fproduct_tag&post=3687"}],"curies":[{"name":"wp","href":"https:\/\/api.w.org\/{rel}","templated":true}]}}