{"id":3693,"date":"2024-11-15T19:01:03","date_gmt":"2024-11-15T19:01:03","guid":{"rendered":"https:\/\/motoshopextreme.ba\/?post_type=product&#038;p=3693"},"modified":"2024-11-15T19:04:01","modified_gmt":"2024-11-15T19:04:01","slug":"ls2-back-protector-stitnik-za-leda","status":"publish","type":"product","link":"https:\/\/motoshopextreme.ba\/?product=ls2-back-protector-stitnik-za-leda","title":{"rendered":"LS2 BACK PROTECTOR &#8211; \u0160titnik za Le\u0111a"},"content":{"rendered":"","protected":false},"excerpt":{"rendered":"<p>LS2 Back Protector \u0161titnik za le\u0111a osigurava vrhunsku za\u0161titu kralje\u017enice tijekom vo\u017enje, bez kompromisa po pitanju udobnosti i slobode kretanja. Dizajniran za motocikliste svih razina, idealan je za vo\u017enju cestom, stazom ili u zahtjevnim off-road uvjetima.<\/p>\n<p><strong>Karakteristike:<\/strong><\/p>\n<ul>\n<li><strong>Materijali:<\/strong> Lagani, fleksibilni i otporni materijali za optimalnu apsorpciju udaraca<\/li>\n<li><strong>Dizajn:<\/strong> Ergonomski oblik koji se prilago\u0111ava tijelu za maksimalnu udobnost<\/li>\n<li><strong>Prozra\u010dnost:<\/strong> Ventilacijski sustav za odvla\u010denje topline i odr\u017eavanje ugodnosti<\/li>\n<li><strong>Sigurnost:<\/strong> Certificirana za\u0161tita prema najvi\u0161im standardima za sigurnost motociklista<\/li>\n<\/ul>\n<p>LS2 Back Protector je neophodan dio opreme za svakog motociklista koji \u017eeli dodatnu sigurnost na cesti ili stazi.<\/p>\n","protected":false},"featured_media":3694,"template":"","meta":[],"product_brand":[],"product_cat":[67],"product_tag":[],"class_list":{"0":"post-3693","1":"product","2":"type-product","3":"status-publish","4":"has-post-thumbnail","6":"product_cat-zastitna-odjeca","8":"first","9":"instock","10":"taxable","11":"shipping-taxable","12":"purchasable","13":"product-type-simple"},"_links":{"self":[{"href":"https:\/\/motoshopextreme.ba\/index.php?rest_route=\/wp\/v2\/product\/3693","targetHints":{"allow":["GET"]}}],"collection":[{"href":"https:\/\/motoshopextreme.ba\/index.php?rest_route=\/wp\/v2\/product"}],"about":[{"href":"https:\/\/motoshopextreme.ba\/index.php?rest_route=\/wp\/v2\/types\/product"}],"wp:featuredmedia":[{"embeddable":true,"href":"https:\/\/motoshopextreme.ba\/index.php?rest_route=\/wp\/v2\/media\/3694"}],"wp:attachment":[{"href":"https:\/\/motoshopextreme.ba\/index.php?rest_route=%2Fwp%2Fv2%2Fmedia&parent=3693"}],"wp:term":[{"taxonomy":"product_brand","embeddable":true,"href":"https:\/\/motoshopextreme.ba\/index.php?rest_route=%2Fwp%2Fv2%2Fproduct_brand&post=3693"},{"taxonomy":"product_cat","embeddable":true,"href":"https:\/\/motoshopextreme.ba\/index.php?rest_route=%2Fwp%2Fv2%2Fproduct_cat&post=3693"},{"taxonomy":"product_tag","embeddable":true,"href":"https:\/\/motoshopextreme.ba\/index.php?rest_route=%2Fwp%2Fv2%2Fproduct_tag&post=3693"}],"curies":[{"name":"wp","href":"https:\/\/api.w.org\/{rel}","templated":true}]}}