{"id":3697,"date":"2024-11-16T09:09:58","date_gmt":"2024-11-16T09:09:58","guid":{"rendered":"https:\/\/motoshopextreme.ba\/?post_type=product&#038;p=3697"},"modified":"2024-11-16T09:14:19","modified_gmt":"2024-11-16T09:14:19","slug":"ls2-norway-hlace-za-motor","status":"publish","type":"product","link":"https:\/\/motoshopextreme.ba\/?product=ls2-norway-hlace-za-motor","title":{"rendered":"LS2 NORWAY Hla\u010de za Motor"},"content":{"rendered":"","protected":false},"excerpt":{"rendered":"<p>LS2 Norway hla\u010de dizajnirane su za motocikliste koji tra\u017ee vrhunsku za\u0161titu i udobnost na svakodnevnim ili dugim vo\u017enjama. Izra\u0111ene od visokokvalitetnih materijala, ove hla\u010de pru\u017eaju sigurnost, trajnost i za\u0161titu od vremenskih nepogoda.<\/p>\n<p><strong>Karakteristike:<\/strong><\/p>\n<ul>\n<li><strong>Materijali:<\/strong> Vodootporni i prozra\u010dni materijali za vo\u017enju u ki\u0161nim i hladnim uvjetima<\/li>\n<li><strong>Sigurnost:<\/strong> Ugra\u0111eni CE certificirani \u0161titnici na koljenima i kukovima za dodatnu za\u0161titu<\/li>\n<li><strong>Udobnost:<\/strong> Podesivi remeni i elasti\u010dne zone za savr\u0161eno prianjanje i slobodu pokreta<\/li>\n<li><strong>Ventilacija:<\/strong> Ventilacijski otvori s patentnim zatvara\u010dima za optimalan protok zraka<\/li>\n<li><strong>Prakti\u010dnost:<\/strong> Reflektiraju\u0107i detalji za bolju vidljivost i dodatni d\u017eepovi za pohranu<\/li>\n<\/ul>\n","protected":false},"featured_media":3699,"template":"","meta":[],"product_brand":[],"product_cat":[158],"product_tag":[],"class_list":{"0":"post-3697","1":"product","2":"type-product","3":"status-publish","4":"has-post-thumbnail","6":"product_cat-cestovna","8":"first","9":"instock","10":"taxable","11":"shipping-taxable","12":"purchasable","13":"product-type-simple"},"_links":{"self":[{"href":"https:\/\/motoshopextreme.ba\/index.php?rest_route=\/wp\/v2\/product\/3697","targetHints":{"allow":["GET"]}}],"collection":[{"href":"https:\/\/motoshopextreme.ba\/index.php?rest_route=\/wp\/v2\/product"}],"about":[{"href":"https:\/\/motoshopextreme.ba\/index.php?rest_route=\/wp\/v2\/types\/product"}],"wp:featuredmedia":[{"embeddable":true,"href":"https:\/\/motoshopextreme.ba\/index.php?rest_route=\/wp\/v2\/media\/3699"}],"wp:attachment":[{"href":"https:\/\/motoshopextreme.ba\/index.php?rest_route=%2Fwp%2Fv2%2Fmedia&parent=3697"}],"wp:term":[{"taxonomy":"product_brand","embeddable":true,"href":"https:\/\/motoshopextreme.ba\/index.php?rest_route=%2Fwp%2Fv2%2Fproduct_brand&post=3697"},{"taxonomy":"product_cat","embeddable":true,"href":"https:\/\/motoshopextreme.ba\/index.php?rest_route=%2Fwp%2Fv2%2Fproduct_cat&post=3697"},{"taxonomy":"product_tag","embeddable":true,"href":"https:\/\/motoshopextreme.ba\/index.php?rest_route=%2Fwp%2Fv2%2Fproduct_tag&post=3697"}],"curies":[{"name":"wp","href":"https:\/\/api.w.org\/{rel}","templated":true}]}}