{"id":3703,"date":"2024-11-16T09:18:27","date_gmt":"2024-11-16T09:18:27","guid":{"rendered":"https:\/\/motoshopextreme.ba\/?post_type=product&#038;p=3703"},"modified":"2024-11-16T09:21:02","modified_gmt":"2024-11-16T09:21:02","slug":"ls2-chart-hlace-za-motor","status":"publish","type":"product","link":"https:\/\/motoshopextreme.ba\/?product=ls2-chart-hlace-za-motor","title":{"rendered":"LS2 CHART Hla\u010de za Motor"},"content":{"rendered":"","protected":false},"excerpt":{"rendered":"<p>LS2 Chart hla\u010de nude vrhunsku udobnost i sigurnost za motocikliste koji tra\u017ee pouzdanu opremu za gradske vo\u017enje i duge rute. Izra\u0111ene od izdr\u017eljivih materijala, pru\u017eaju za\u0161titu i prilagodljivost u svim uvjetima.<\/p>\n<p><strong>Karakteristike:<\/strong><\/p>\n<ul>\n<li><strong>Materijali:<\/strong> Vodootporni i otporni na habanje za sigurnost i trajnost<\/li>\n<li><strong>Sigurnost:<\/strong> CE certificirani \u0161titnici na koljenima i priprema za dodatnu za\u0161titu kukova<\/li>\n<li><strong>Udobnost:<\/strong> Podesivi remeni i rastezljivi paneli za maksimalno prianjanje i mobilnost<\/li>\n<li><strong>Ventilacija:<\/strong> Ventilacijski sustav s patentnim zatvara\u010dima za bolji protok zraka<\/li>\n<li><strong>Prakti\u010dnost:<\/strong> Reflektiraju\u0107i elementi za ve\u0107u vidljivost i funkcionalni d\u017eepovi za dodatnu prakti\u010dnost<\/li>\n<\/ul>\n","protected":false},"featured_media":3704,"template":"","meta":[],"product_brand":[],"product_cat":[158],"product_tag":[],"class_list":{"0":"post-3703","1":"product","2":"type-product","3":"status-publish","4":"has-post-thumbnail","6":"product_cat-cestovna","8":"first","9":"instock","10":"taxable","11":"shipping-taxable","12":"purchasable","13":"product-type-simple"},"_links":{"self":[{"href":"https:\/\/motoshopextreme.ba\/index.php?rest_route=\/wp\/v2\/product\/3703","targetHints":{"allow":["GET"]}}],"collection":[{"href":"https:\/\/motoshopextreme.ba\/index.php?rest_route=\/wp\/v2\/product"}],"about":[{"href":"https:\/\/motoshopextreme.ba\/index.php?rest_route=\/wp\/v2\/types\/product"}],"wp:featuredmedia":[{"embeddable":true,"href":"https:\/\/motoshopextreme.ba\/index.php?rest_route=\/wp\/v2\/media\/3704"}],"wp:attachment":[{"href":"https:\/\/motoshopextreme.ba\/index.php?rest_route=%2Fwp%2Fv2%2Fmedia&parent=3703"}],"wp:term":[{"taxonomy":"product_brand","embeddable":true,"href":"https:\/\/motoshopextreme.ba\/index.php?rest_route=%2Fwp%2Fv2%2Fproduct_brand&post=3703"},{"taxonomy":"product_cat","embeddable":true,"href":"https:\/\/motoshopextreme.ba\/index.php?rest_route=%2Fwp%2Fv2%2Fproduct_cat&post=3703"},{"taxonomy":"product_tag","embeddable":true,"href":"https:\/\/motoshopextreme.ba\/index.php?rest_route=%2Fwp%2Fv2%2Fproduct_tag&post=3703"}],"curies":[{"name":"wp","href":"https:\/\/api.w.org\/{rel}","templated":true}]}}