{"id":3705,"date":"2024-11-16T09:21:44","date_gmt":"2024-11-16T09:21:44","guid":{"rendered":"https:\/\/motoshopextreme.ba\/?post_type=product&#038;p=3705"},"modified":"2024-11-16T09:24:10","modified_gmt":"2024-11-16T09:24:10","slug":"ls2-vento-hlace-za-motor","status":"publish","type":"product","link":"https:\/\/motoshopextreme.ba\/?product=ls2-vento-hlace-za-motor","title":{"rendered":"LS2 VENTO Hla\u010de za Motor"},"content":{"rendered":"","protected":false},"excerpt":{"rendered":"<p>LS2 Vento hla\u010de savr\u0161en su izbor za motocikliste koji tra\u017ee udobnu i pouzdanu opremu za vo\u017enju u promjenjivim uvjetima. S modernim dizajnom i naprednim tehni\u010dkim rje\u0161enjima, ove hla\u010de pru\u017eaju sigurnost i optimalnu izvedbu na cesti ili terenu.<\/p>\n<p><strong>Karakteristike:<\/strong><\/p>\n<ul>\n<li><strong>Materijali:<\/strong> Otporni na habanje i vodootporni materijali za izdr\u017eljivost i za\u0161titu<\/li>\n<li><strong>Sigurnost:<\/strong> Ugra\u0111eni CE certificirani \u0161titnici na koljenima i mogu\u0107nost dodavanja za\u0161tite kukova<\/li>\n<li><strong>Udobnost:<\/strong> Podesivi struk i rastezljivi paneli za bolje prianjanje i slobodu pokreta<\/li>\n<li><strong>Ventilacija:<\/strong> Integrirani ventilacijski otvori za pobolj\u0161an protok zraka tijekom vo\u017enje<\/li>\n<li><strong>Prakti\u010dnost:<\/strong> Funkcionalni d\u017eepovi i reflektiraju\u0107i detalji za dodatnu sigurnost i prakti\u010dnost<\/li>\n<\/ul>\n","protected":false},"featured_media":3706,"template":"","meta":[],"product_brand":[],"product_cat":[158],"product_tag":[],"class_list":{"0":"post-3705","1":"product","2":"type-product","3":"status-publish","4":"has-post-thumbnail","6":"product_cat-cestovna","8":"first","9":"instock","10":"taxable","11":"shipping-taxable","12":"purchasable","13":"product-type-simple"},"_links":{"self":[{"href":"https:\/\/motoshopextreme.ba\/index.php?rest_route=\/wp\/v2\/product\/3705","targetHints":{"allow":["GET"]}}],"collection":[{"href":"https:\/\/motoshopextreme.ba\/index.php?rest_route=\/wp\/v2\/product"}],"about":[{"href":"https:\/\/motoshopextreme.ba\/index.php?rest_route=\/wp\/v2\/types\/product"}],"wp:featuredmedia":[{"embeddable":true,"href":"https:\/\/motoshopextreme.ba\/index.php?rest_route=\/wp\/v2\/media\/3706"}],"wp:attachment":[{"href":"https:\/\/motoshopextreme.ba\/index.php?rest_route=%2Fwp%2Fv2%2Fmedia&parent=3705"}],"wp:term":[{"taxonomy":"product_brand","embeddable":true,"href":"https:\/\/motoshopextreme.ba\/index.php?rest_route=%2Fwp%2Fv2%2Fproduct_brand&post=3705"},{"taxonomy":"product_cat","embeddable":true,"href":"https:\/\/motoshopextreme.ba\/index.php?rest_route=%2Fwp%2Fv2%2Fproduct_cat&post=3705"},{"taxonomy":"product_tag","embeddable":true,"href":"https:\/\/motoshopextreme.ba\/index.php?rest_route=%2Fwp%2Fv2%2Fproduct_tag&post=3705"}],"curies":[{"name":"wp","href":"https:\/\/api.w.org\/{rel}","templated":true}]}}