{"id":3719,"date":"2024-11-16T09:40:07","date_gmt":"2024-11-16T09:40:07","guid":{"rendered":"https:\/\/motoshopextreme.ba\/?post_type=product&#038;p=3719"},"modified":"2024-11-16T09:42:34","modified_gmt":"2024-11-16T09:42:34","slug":"ls2-airy-man-jakna-za-motor","status":"publish","type":"product","link":"https:\/\/motoshopextreme.ba\/?product=ls2-airy-man-jakna-za-motor","title":{"rendered":"LS2 AIRY MAN Jakna za Motor"},"content":{"rendered":"","protected":false},"excerpt":{"rendered":"<p><strong>LS2 Airy Man Jakna<\/strong> je savr\u0161eni izbor za voza\u010de koji tra\u017ee laganu, udobnu i visokokvalitetnu jaknu koja pru\u017ea izvanrednu za\u0161titu i ventilaciju tokom vo\u017enje. Ova jakna je dizajnirana s posebnim naglaskom na udobnost i funkcionalnost, idealna je za toplije uslove i du\u017ee vo\u017enje.<\/p>\n<ul>\n<li><strong>Materijal:<\/strong> Napravljen od \u010dvrstog, ali laganog poliesterskog materijala, LS2 Airy Man jakna nudi odli\u010dnu otpornost na habanje, dok omogu\u0107ava izuzetnu prozra\u010dnost za optimalnu ventilaciju.<\/li>\n<li><strong>Ventilacija:<\/strong> Strategijski postavljeni otvori za ventilaciju omogu\u0107avaju odli\u010dno strujanje vazduha, odr\u017eavaju\u0107i vas hladnim i suvim \u010dak i tokom vru\u0107ih dana.<\/li>\n<li><strong>Sigurnost:<\/strong> Jakna je opremljena sa za\u0161titama za ramena i laktove koje pru\u017eaju visok nivo sigurnosti, a mo\u017eete dodati za\u0161titu za le\u0111a prema vlastitim potrebama.<\/li>\n<li><strong>Komfor:<\/strong> Uz podesive trake na rukavima i struku, ova jakna omogu\u0107ava savr\u0161en fit i udobnost tokom vo\u017enje. Tako\u0111e, ugra\u0111ena je s reflektuju\u0107im detaljima za ve\u0107u vidljivost.<\/li>\n<li><strong>Stil:<\/strong> Moderni dizajn i minimalisti\u010dki detalji \u010dine ovu jaknu pogodnom za svakodnevnu upotrebu, ali i za sportske vo\u017enje na motociklu.<\/li>\n<\/ul>\n<p><strong>LS2 Airy Man Jakna<\/strong> je savr\u0161en spoj stila, udobnosti i funkcionalnosti, \u010dine\u0107i je idealnim izborom za voza\u010de koji \u017eele da ostanu hladni, sigurni i u trendu na svakom putovanju.<\/p>\n","protected":false},"featured_media":3720,"template":"","meta":[],"product_brand":[],"product_cat":[158],"product_tag":[],"class_list":{"0":"post-3719","1":"product","2":"type-product","3":"status-publish","4":"has-post-thumbnail","6":"product_cat-cestovna","8":"first","9":"instock","10":"taxable","11":"shipping-taxable","12":"purchasable","13":"product-type-simple"},"_links":{"self":[{"href":"https:\/\/motoshopextreme.ba\/index.php?rest_route=\/wp\/v2\/product\/3719","targetHints":{"allow":["GET"]}}],"collection":[{"href":"https:\/\/motoshopextreme.ba\/index.php?rest_route=\/wp\/v2\/product"}],"about":[{"href":"https:\/\/motoshopextreme.ba\/index.php?rest_route=\/wp\/v2\/types\/product"}],"wp:featuredmedia":[{"embeddable":true,"href":"https:\/\/motoshopextreme.ba\/index.php?rest_route=\/wp\/v2\/media\/3720"}],"wp:attachment":[{"href":"https:\/\/motoshopextreme.ba\/index.php?rest_route=%2Fwp%2Fv2%2Fmedia&parent=3719"}],"wp:term":[{"taxonomy":"product_brand","embeddable":true,"href":"https:\/\/motoshopextreme.ba\/index.php?rest_route=%2Fwp%2Fv2%2Fproduct_brand&post=3719"},{"taxonomy":"product_cat","embeddable":true,"href":"https:\/\/motoshopextreme.ba\/index.php?rest_route=%2Fwp%2Fv2%2Fproduct_cat&post=3719"},{"taxonomy":"product_tag","embeddable":true,"href":"https:\/\/motoshopextreme.ba\/index.php?rest_route=%2Fwp%2Fv2%2Fproduct_tag&post=3719"}],"curies":[{"name":"wp","href":"https:\/\/api.w.org\/{rel}","templated":true}]}}