{"id":3789,"date":"2024-11-16T10:42:25","date_gmt":"2024-11-16T10:42:25","guid":{"rendered":"https:\/\/motoshopextreme.ba\/?post_type=product&#038;p=3789"},"modified":"2024-11-16T10:43:34","modified_gmt":"2024-11-16T10:43:34","slug":"fly-racing-maverik-cizme-za-motor-motocross-enduro-atv-2","status":"publish","type":"product","link":"https:\/\/motoshopextreme.ba\/?product=fly-racing-maverik-cizme-za-motor-motocross-enduro-atv-2","title":{"rendered":"FLY RACING MAVERIK \u010cizme za Motor Motocross Enduro ATV"},"content":{"rendered":"","protected":false},"excerpt":{"rendered":"<p>Fly Racing Maverik \u010dizme predstavljaju vrhunski izbor za voza\u010de endura i motocross-a koji tra\u017ee vrhunski komfor, za\u0161titu i dugotrajan u\u010dinak. Dizajnirane su za ekstremne uslove vo\u017enje, kombinuju\u0107i \u010dvrsto\u0107u i fleksibilnost kako bi omogu\u0107ile optimalnu kontrolu i sigurnost na stazi.<\/p>\n<p><strong>Karakteristike:<\/strong><\/p>\n<ul>\n<li><strong>Izuzetna za\u0161tita<\/strong>: Ove \u010dizme dolaze sa oja\u010danjima u klju\u010dnim podru\u010djima poput gle\u017enjeva i potkolenica, \u0161tite\u0107i vas od potencijalnih povreda.<\/li>\n<li><strong>Komfor<\/strong>: Unutra\u0161nja obloga je mekana, ali pru\u017ea dovoljno podr\u0161ke za dugotrajnu vo\u017enju. Sklopivi sistem kop\u010danja omogu\u0107ava brzo i jednostavno obuvanje i skidanje, a \u010dizme su prilagodljive za razli\u010dite tipove nogu.<\/li>\n<li><strong>Fleksibilnost i pokretljivost<\/strong>: Dizajnirane su tako da omogu\u0107avaju maksimalnu fleksibilnost pri vo\u017enji, bez gubitka stabilnosti.<\/li>\n<li><strong>Trajnost<\/strong>: Otporne na habanje i vodoodbojne, Maverik \u010dizme su idealne za najte\u017ee terene i du\u017ee vo\u017enje.<\/li>\n<li><strong>Visok nivo ventilacije<\/strong>: Pru\u017ea optimalnu cirkulaciju vazduha i spre\u010dava pregrevanje i znojenje tokom intenzivnih vo\u017enji.<\/li>\n<\/ul>\n<p>Fly Racing Maverik \u010dizme su savr\u0161en izbor za sve voza\u010de koji \u017eele kombinaciju za\u0161tite, komfora i izdr\u017eljivosti na stazi. Sa ovim modelom, svaki voza\u010d \u0107e imati siguran i udoban ose\u0107aj, bez obzira na teren koji vozi.<\/p>\n","protected":false},"featured_media":3796,"template":"","meta":[],"product_brand":[],"product_cat":[148],"product_tag":[],"class_list":{"0":"post-3789","1":"product","2":"type-product","3":"status-publish","4":"has-post-thumbnail","6":"product_cat-off-road","8":"first","9":"instock","10":"taxable","11":"shipping-taxable","12":"purchasable","13":"product-type-variable"},"_links":{"self":[{"href":"https:\/\/motoshopextreme.ba\/index.php?rest_route=\/wp\/v2\/product\/3789","targetHints":{"allow":["GET"]}}],"collection":[{"href":"https:\/\/motoshopextreme.ba\/index.php?rest_route=\/wp\/v2\/product"}],"about":[{"href":"https:\/\/motoshopextreme.ba\/index.php?rest_route=\/wp\/v2\/types\/product"}],"wp:featuredmedia":[{"embeddable":true,"href":"https:\/\/motoshopextreme.ba\/index.php?rest_route=\/wp\/v2\/media\/3796"}],"wp:attachment":[{"href":"https:\/\/motoshopextreme.ba\/index.php?rest_route=%2Fwp%2Fv2%2Fmedia&parent=3789"}],"wp:term":[{"taxonomy":"product_brand","embeddable":true,"href":"https:\/\/motoshopextreme.ba\/index.php?rest_route=%2Fwp%2Fv2%2Fproduct_brand&post=3789"},{"taxonomy":"product_cat","embeddable":true,"href":"https:\/\/motoshopextreme.ba\/index.php?rest_route=%2Fwp%2Fv2%2Fproduct_cat&post=3789"},{"taxonomy":"product_tag","embeddable":true,"href":"https:\/\/motoshopextreme.ba\/index.php?rest_route=%2Fwp%2Fv2%2Fproduct_tag&post=3789"}],"curies":[{"name":"wp","href":"https:\/\/api.w.org\/{rel}","templated":true}]}}