{"id":3834,"date":"2024-11-16T11:06:58","date_gmt":"2024-11-16T11:06:58","guid":{"rendered":"https:\/\/motoshopextreme.ba\/?post_type=product&#038;p=3834"},"modified":"2024-11-16T11:12:58","modified_gmt":"2024-11-16T11:12:58","slug":"adrenaline-city-rukavice-za-motor","status":"publish","type":"product","link":"https:\/\/motoshopextreme.ba\/?product=adrenaline-city-rukavice-za-motor","title":{"rendered":"ADRENALINE CITY Rukavice za Motor"},"content":{"rendered":"","protected":false},"excerpt":{"rendered":"<p>Adrenaline City rukavice su savr\u0161en izbor za voza\u010de koji tra\u017ee udobnost, stil i sigurnost tokom gradske vo\u017enje. Dizajnirane za svakodnevnu upotrebu, ove rukavice pru\u017eaju vrhunsku za\u0161titu, dok ne \u017ertvuju moderni izgled i udobnost.<\/p>\n<p><strong>Karakteristike:<\/strong><\/p>\n<ul>\n<li><strong>Ergonomski dizajn<\/strong>: Savr\u0161en fit za gradske voza\u010de, omogu\u0107avaju\u0107i lako manevrisanje i udobnost tokom vo\u017enje.<\/li>\n<li><strong>Visoka za\u0161tita<\/strong>: Postavljene za\u0161tite na klju\u010dnim mestima kao \u0161to su dlanovi, prsti i zglobovi.<\/li>\n<li><strong>Pove\u0107ana udobnost<\/strong>: Napravljenje od mekanih, izdr\u017eljivih materijala za prozra\u010dnost i udobnost u svim vremenskim uslovima.<\/li>\n<li><strong>Stil i funkcionalnost<\/strong>: Moderni dizajn koji kombinira sigurnost sa atraktivnim izgledom.<\/li>\n<li><strong>Pobolj\u0161ana upravljivost<\/strong>: Antislip povr\u0161ine na dlanovima za siguran zahvat na upravlja\u010du i ko\u010dnicama.<\/li>\n<\/ul>\n","protected":false},"featured_media":3839,"template":"","meta":[],"product_brand":[],"product_cat":[156],"product_tag":[],"class_list":{"0":"post-3834","1":"product","2":"type-product","3":"status-publish","4":"has-post-thumbnail","6":"product_cat-cestovne-rukavice","8":"first","9":"instock","10":"taxable","11":"shipping-taxable","12":"purchasable","13":"product-type-variable"},"_links":{"self":[{"href":"https:\/\/motoshopextreme.ba\/index.php?rest_route=\/wp\/v2\/product\/3834","targetHints":{"allow":["GET"]}}],"collection":[{"href":"https:\/\/motoshopextreme.ba\/index.php?rest_route=\/wp\/v2\/product"}],"about":[{"href":"https:\/\/motoshopextreme.ba\/index.php?rest_route=\/wp\/v2\/types\/product"}],"wp:featuredmedia":[{"embeddable":true,"href":"https:\/\/motoshopextreme.ba\/index.php?rest_route=\/wp\/v2\/media\/3839"}],"wp:attachment":[{"href":"https:\/\/motoshopextreme.ba\/index.php?rest_route=%2Fwp%2Fv2%2Fmedia&parent=3834"}],"wp:term":[{"taxonomy":"product_brand","embeddable":true,"href":"https:\/\/motoshopextreme.ba\/index.php?rest_route=%2Fwp%2Fv2%2Fproduct_brand&post=3834"},{"taxonomy":"product_cat","embeddable":true,"href":"https:\/\/motoshopextreme.ba\/index.php?rest_route=%2Fwp%2Fv2%2Fproduct_cat&post=3834"},{"taxonomy":"product_tag","embeddable":true,"href":"https:\/\/motoshopextreme.ba\/index.php?rest_route=%2Fwp%2Fv2%2Fproduct_tag&post=3834"}],"curies":[{"name":"wp","href":"https:\/\/api.w.org\/{rel}","templated":true}]}}